{"id":2672,"date":"2024-07-02T13:33:07","date_gmt":"2024-07-02T11:33:07","guid":{"rendered":"https:\/\/www.laserrasportwellness.com\/historia\/"},"modified":"2025-10-01T11:26:04","modified_gmt":"2025-10-01T09:26:04","slug":"historia","status":"publish","type":"page","link":"https:\/\/www.laserrasportwellness.com\/en\/historia\/","title":{"rendered":"History"},"content":{"rendered":"\n<div style=\"height:50px\" aria-hidden=\"true\" class=\"wp-block-spacer\"><\/div>\n\n\n\n<figure class=\"wp-block-gallery has-nested-images columns-3 is-cropped wp-block-gallery-1 is-layout-flex wp-block-gallery-is-layout-flex\">\n<figure data-wp-context=\"{&quot;uploadedSrc&quot;:&quot;https:\\\/\\\/www.laserrasportwellness.com\\\/wp-content\\\/uploads\\\/2024\\\/07\\\/afcecemc_836_full.jpg&quot;,&quot;figureClassNames&quot;:&quot;wp-block-image size-full is-style-default&quot;,&quot;figureStyles&quot;:null,&quot;imgClassNames&quot;:&quot;wp-image-2071&quot;,&quot;imgStyles&quot;:null,&quot;targetWidth&quot;:1024,&quot;targetHeight&quot;:707,&quot;scaleAttr&quot;:false,&quot;ariaLabel&quot;:&quot;Enlarge image&quot;,&quot;alt&quot;:&quot;&quot;}\" data-wp-interactive=\"core\/image\" class=\"wp-block-image size-full is-style-default wp-lightbox-container\"><img loading=\"lazy\" decoding=\"async\" width=\"1024\" height=\"707\" data-wp-init=\"callbacks.setButtonStyles\" data-wp-on--click=\"actions.showLightbox\" data-wp-on--load=\"callbacks.setButtonStyles\" data-wp-on-window--resize=\"callbacks.setButtonStyles\" data-id=\"2071\" src=\"https:\/\/www.laserrasportwellness.com\/wp-content\/uploads\/2024\/07\/afcecemc_836_full.jpg\" alt=\"\" class=\"wp-image-2071\" srcset=\"https:\/\/www.laserrasportwellness.com\/wp-content\/uploads\/2024\/07\/afcecemc_836_full.jpg 1024w, https:\/\/www.laserrasportwellness.com\/wp-content\/uploads\/2024\/07\/afcecemc_836_full-300x207.jpg 300w, https:\/\/www.laserrasportwellness.com\/wp-content\/uploads\/2024\/07\/afcecemc_836_full-768x530.jpg 768w, https:\/\/www.laserrasportwellness.com\/wp-content\/uploads\/2024\/07\/afcecemc_836_full-892x616.jpg 892w\" sizes=\"(max-width: 1024px) 100vw, 1024px\" \/><button\n\t\t\tclass=\"lightbox-trigger\"\n\t\t\ttype=\"button\"\n\t\t\taria-haspopup=\"dialog\"\n\t\t\taria-label=\"Enlarge image\"\n\t\t\tdata-wp-init=\"callbacks.initTriggerButton\"\n\t\t\tdata-wp-on--click=\"actions.showLightbox\"\n\t\t\tdata-wp-style--right=\"context.imageButtonRight\"\n\t\t\tdata-wp-style--top=\"context.imageButtonTop\"\n\t\t>\n\t\t\t<svg xmlns=\"http:\/\/www.w3.org\/2000\/svg\" width=\"12\" height=\"12\" fill=\"none\" viewBox=\"0 0 12 12\">\n\t\t\t\t<path fill=\"#fff\" d=\"M2 0a2 2 0 0 0-2 2v2h1.5V2a.5.5 0 0 1 .5-.5h2V0H2Zm2 10.5H2a.5.5 0 0 1-.5-.5V8H0v2a2 2 0 0 0 2 2h2v-1.5ZM8 12v-1.5h2a.5.5 0 0 0 .5-.5V8H12v2a2 2 0 0 1-2 2H8Zm2-12a2 2 0 0 1 2 2v2h-1.5V2a.5.5 0 0 0-.5-.5H8V0h2Z\" \/>\n\t\t\t<\/svg>\n\t\t<\/button><\/figure>\n\n\n\n<figure data-wp-context=\"{&quot;uploadedSrc&quot;:&quot;https:\\\/\\\/www.laserrasportwellness.com\\\/wp-content\\\/uploads\\\/2024\\\/07\\\/afcecemc_6745_full.jpg&quot;,&quot;figureClassNames&quot;:&quot;wp-block-image size-full&quot;,&quot;figureStyles&quot;:null,&quot;imgClassNames&quot;:&quot;wp-image-2072&quot;,&quot;imgStyles&quot;:null,&quot;targetWidth&quot;:1024,&quot;targetHeight&quot;:663,&quot;scaleAttr&quot;:false,&quot;ariaLabel&quot;:&quot;Enlarge image&quot;,&quot;alt&quot;:&quot;&quot;}\" data-wp-interactive=\"core\/image\" class=\"wp-block-image size-full wp-lightbox-container\"><img loading=\"lazy\" decoding=\"async\" width=\"1024\" height=\"663\" data-wp-init=\"callbacks.setButtonStyles\" data-wp-on--click=\"actions.showLightbox\" data-wp-on--load=\"callbacks.setButtonStyles\" data-wp-on-window--resize=\"callbacks.setButtonStyles\" data-id=\"2072\" src=\"https:\/\/www.laserrasportwellness.com\/wp-content\/uploads\/2024\/07\/afcecemc_6745_full.jpg\" alt=\"\" class=\"wp-image-2072\" srcset=\"https:\/\/www.laserrasportwellness.com\/wp-content\/uploads\/2024\/07\/afcecemc_6745_full.jpg 1024w, https:\/\/www.laserrasportwellness.com\/wp-content\/uploads\/2024\/07\/afcecemc_6745_full-300x194.jpg 300w, https:\/\/www.laserrasportwellness.com\/wp-content\/uploads\/2024\/07\/afcecemc_6745_full-768x497.jpg 768w, https:\/\/www.laserrasportwellness.com\/wp-content\/uploads\/2024\/07\/afcecemc_6745_full-892x578.jpg 892w\" sizes=\"(max-width: 1024px) 100vw, 1024px\" \/><button\n\t\t\tclass=\"lightbox-trigger\"\n\t\t\ttype=\"button\"\n\t\t\taria-haspopup=\"dialog\"\n\t\t\taria-label=\"Enlarge image\"\n\t\t\tdata-wp-init=\"callbacks.initTriggerButton\"\n\t\t\tdata-wp-on--click=\"actions.showLightbox\"\n\t\t\tdata-wp-style--right=\"context.imageButtonRight\"\n\t\t\tdata-wp-style--top=\"context.imageButtonTop\"\n\t\t>\n\t\t\t<svg xmlns=\"http:\/\/www.w3.org\/2000\/svg\" width=\"12\" height=\"12\" fill=\"none\" viewBox=\"0 0 12 12\">\n\t\t\t\t<path fill=\"#fff\" d=\"M2 0a2 2 0 0 0-2 2v2h1.5V2a.5.5 0 0 1 .5-.5h2V0H2Zm2 10.5H2a.5.5 0 0 1-.5-.5V8H0v2a2 2 0 0 0 2 2h2v-1.5ZM8 12v-1.5h2a.5.5 0 0 0 .5-.5V8H12v2a2 2 0 0 1-2 2H8Zm2-12a2 2 0 0 1 2 2v2h-1.5V2a.5.5 0 0 0-.5-.5H8V0h2Z\" \/>\n\t\t\t<\/svg>\n\t\t<\/button><\/figure>\n\n\n\n<figure data-wp-context=\"{&quot;uploadedSrc&quot;:&quot;https:\\\/\\\/www.laserrasportwellness.com\\\/wp-content\\\/uploads\\\/2024\\\/07\\\/afcecemc_722_full.jpg&quot;,&quot;figureClassNames&quot;:&quot;wp-block-image size-full&quot;,&quot;figureStyles&quot;:null,&quot;imgClassNames&quot;:&quot;wp-image-2073&quot;,&quot;imgStyles&quot;:null,&quot;targetWidth&quot;:1024,&quot;targetHeight&quot;:707,&quot;scaleAttr&quot;:false,&quot;ariaLabel&quot;:&quot;Enlarge image&quot;,&quot;alt&quot;:&quot;&quot;}\" data-wp-interactive=\"core\/image\" class=\"wp-block-image size-full wp-lightbox-container\"><img loading=\"lazy\" decoding=\"async\" width=\"1024\" height=\"707\" data-wp-init=\"callbacks.setButtonStyles\" data-wp-on--click=\"actions.showLightbox\" data-wp-on--load=\"callbacks.setButtonStyles\" data-wp-on-window--resize=\"callbacks.setButtonStyles\" data-id=\"2073\" src=\"https:\/\/www.laserrasportwellness.com\/wp-content\/uploads\/2024\/07\/afcecemc_722_full.jpg\" alt=\"\" class=\"wp-image-2073\" srcset=\"https:\/\/www.laserrasportwellness.com\/wp-content\/uploads\/2024\/07\/afcecemc_722_full.jpg 1024w, https:\/\/www.laserrasportwellness.com\/wp-content\/uploads\/2024\/07\/afcecemc_722_full-300x207.jpg 300w, https:\/\/www.laserrasportwellness.com\/wp-content\/uploads\/2024\/07\/afcecemc_722_full-768x530.jpg 768w, https:\/\/www.laserrasportwellness.com\/wp-content\/uploads\/2024\/07\/afcecemc_722_full-892x616.jpg 892w\" sizes=\"(max-width: 1024px) 100vw, 1024px\" \/><button\n\t\t\tclass=\"lightbox-trigger\"\n\t\t\ttype=\"button\"\n\t\t\taria-haspopup=\"dialog\"\n\t\t\taria-label=\"Enlarge image\"\n\t\t\tdata-wp-init=\"callbacks.initTriggerButton\"\n\t\t\tdata-wp-on--click=\"actions.showLightbox\"\n\t\t\tdata-wp-style--right=\"context.imageButtonRight\"\n\t\t\tdata-wp-style--top=\"context.imageButtonTop\"\n\t\t>\n\t\t\t<svg xmlns=\"http:\/\/www.w3.org\/2000\/svg\" width=\"12\" height=\"12\" fill=\"none\" viewBox=\"0 0 12 12\">\n\t\t\t\t<path fill=\"#fff\" d=\"M2 0a2 2 0 0 0-2 2v2h1.5V2a.5.5 0 0 1 .5-.5h2V0H2Zm2 10.5H2a.5.5 0 0 1-.5-.5V8H0v2a2 2 0 0 0 2 2h2v-1.5ZM8 12v-1.5h2a.5.5 0 0 0 .5-.5V8H12v2a2 2 0 0 1-2 2H8Zm2-12a2 2 0 0 1 2 2v2h-1.5V2a.5.5 0 0 0-.5-.5H8V0h2Z\" \/>\n\t\t\t<\/svg>\n\t\t<\/button><\/figure>\n\n\n\n<figure data-wp-context=\"{&quot;uploadedSrc&quot;:&quot;https:\\\/\\\/www.laserrasportwellness.com\\\/wp-content\\\/uploads\\\/2024\\\/07\\\/afcecemc_932_full.jpg&quot;,&quot;figureClassNames&quot;:&quot;wp-block-image size-full&quot;,&quot;figureStyles&quot;:null,&quot;imgClassNames&quot;:&quot;wp-image-2074&quot;,&quot;imgStyles&quot;:null,&quot;targetWidth&quot;:1024,&quot;targetHeight&quot;:703,&quot;scaleAttr&quot;:false,&quot;ariaLabel&quot;:&quot;Enlarge image&quot;,&quot;alt&quot;:&quot;&quot;}\" data-wp-interactive=\"core\/image\" class=\"wp-block-image size-full wp-lightbox-container\"><img loading=\"lazy\" decoding=\"async\" width=\"1024\" height=\"703\" data-wp-init=\"callbacks.setButtonStyles\" data-wp-on--click=\"actions.showLightbox\" data-wp-on--load=\"callbacks.setButtonStyles\" data-wp-on-window--resize=\"callbacks.setButtonStyles\" data-id=\"2074\" src=\"https:\/\/www.laserrasportwellness.com\/wp-content\/uploads\/2024\/07\/afcecemc_932_full.jpg\" alt=\"\" class=\"wp-image-2074\" srcset=\"https:\/\/www.laserrasportwellness.com\/wp-content\/uploads\/2024\/07\/afcecemc_932_full.jpg 1024w, https:\/\/www.laserrasportwellness.com\/wp-content\/uploads\/2024\/07\/afcecemc_932_full-300x206.jpg 300w, https:\/\/www.laserrasportwellness.com\/wp-content\/uploads\/2024\/07\/afcecemc_932_full-768x527.jpg 768w, https:\/\/www.laserrasportwellness.com\/wp-content\/uploads\/2024\/07\/afcecemc_932_full-892x612.jpg 892w\" sizes=\"(max-width: 1024px) 100vw, 1024px\" \/><button\n\t\t\tclass=\"lightbox-trigger\"\n\t\t\ttype=\"button\"\n\t\t\taria-haspopup=\"dialog\"\n\t\t\taria-label=\"Enlarge image\"\n\t\t\tdata-wp-init=\"callbacks.initTriggerButton\"\n\t\t\tdata-wp-on--click=\"actions.showLightbox\"\n\t\t\tdata-wp-style--right=\"context.imageButtonRight\"\n\t\t\tdata-wp-style--top=\"context.imageButtonTop\"\n\t\t>\n\t\t\t<svg xmlns=\"http:\/\/www.w3.org\/2000\/svg\" width=\"12\" height=\"12\" fill=\"none\" viewBox=\"0 0 12 12\">\n\t\t\t\t<path fill=\"#fff\" d=\"M2 0a2 2 0 0 0-2 2v2h1.5V2a.5.5 0 0 1 .5-.5h2V0H2Zm2 10.5H2a.5.5 0 0 1-.5-.5V8H0v2a2 2 0 0 0 2 2h2v-1.5ZM8 12v-1.5h2a.5.5 0 0 0 .5-.5V8H12v2a2 2 0 0 1-2 2H8Zm2-12a2 2 0 0 1 2 2v2h-1.5V2a.5.5 0 0 0-.5-.5H8V0h2Z\" \/>\n\t\t\t<\/svg>\n\t\t<\/button><\/figure>\n\n\n\n<figure data-wp-context=\"{&quot;uploadedSrc&quot;:&quot;https:\\\/\\\/www.laserrasportwellness.com\\\/wp-content\\\/uploads\\\/2024\\\/07\\\/afcecemc_995_full.jpg&quot;,&quot;figureClassNames&quot;:&quot;wp-block-image size-full is-style-default&quot;,&quot;figureStyles&quot;:null,&quot;imgClassNames&quot;:&quot;wp-image-2076&quot;,&quot;imgStyles&quot;:null,&quot;targetWidth&quot;:957,&quot;targetHeight&quot;:768,&quot;scaleAttr&quot;:false,&quot;ariaLabel&quot;:&quot;Enlarge image&quot;,&quot;alt&quot;:&quot;&quot;}\" data-wp-interactive=\"core\/image\" class=\"wp-block-image size-full is-style-default wp-lightbox-container\"><img loading=\"lazy\" decoding=\"async\" width=\"957\" height=\"768\" data-wp-init=\"callbacks.setButtonStyles\" data-wp-on--click=\"actions.showLightbox\" data-wp-on--load=\"callbacks.setButtonStyles\" data-wp-on-window--resize=\"callbacks.setButtonStyles\" data-id=\"2076\" src=\"https:\/\/www.laserrasportwellness.com\/wp-content\/uploads\/2024\/07\/afcecemc_995_full.jpg\" alt=\"\" class=\"wp-image-2076\" srcset=\"https:\/\/www.laserrasportwellness.com\/wp-content\/uploads\/2024\/07\/afcecemc_995_full.jpg 957w, https:\/\/www.laserrasportwellness.com\/wp-content\/uploads\/2024\/07\/afcecemc_995_full-300x241.jpg 300w, https:\/\/www.laserrasportwellness.com\/wp-content\/uploads\/2024\/07\/afcecemc_995_full-768x616.jpg 768w, https:\/\/www.laserrasportwellness.com\/wp-content\/uploads\/2024\/07\/afcecemc_995_full-892x716.jpg 892w\" sizes=\"(max-width: 957px) 100vw, 957px\" \/><button\n\t\t\tclass=\"lightbox-trigger\"\n\t\t\ttype=\"button\"\n\t\t\taria-haspopup=\"dialog\"\n\t\t\taria-label=\"Enlarge image\"\n\t\t\tdata-wp-init=\"callbacks.initTriggerButton\"\n\t\t\tdata-wp-on--click=\"actions.showLightbox\"\n\t\t\tdata-wp-style--right=\"context.imageButtonRight\"\n\t\t\tdata-wp-style--top=\"context.imageButtonTop\"\n\t\t>\n\t\t\t<svg xmlns=\"http:\/\/www.w3.org\/2000\/svg\" width=\"12\" height=\"12\" fill=\"none\" viewBox=\"0 0 12 12\">\n\t\t\t\t<path fill=\"#fff\" d=\"M2 0a2 2 0 0 0-2 2v2h1.5V2a.5.5 0 0 1 .5-.5h2V0H2Zm2 10.5H2a.5.5 0 0 1-.5-.5V8H0v2a2 2 0 0 0 2 2h2v-1.5ZM8 12v-1.5h2a.5.5 0 0 0 .5-.5V8H12v2a2 2 0 0 1-2 2H8Zm2-12a2 2 0 0 1 2 2v2h-1.5V2a.5.5 0 0 0-.5-.5H8V0h2Z\" \/>\n\t\t\t<\/svg>\n\t\t<\/button><\/figure>\n\n\n\n<figure data-wp-context=\"{&quot;uploadedSrc&quot;:&quot;https:\\\/\\\/www.laserrasportwellness.com\\\/wp-content\\\/uploads\\\/2024\\\/07\\\/001595101.jpg&quot;,&quot;figureClassNames&quot;:&quot;wp-block-image size-full&quot;,&quot;figureStyles&quot;:null,&quot;imgClassNames&quot;:&quot;wp-image-2077&quot;,&quot;imgStyles&quot;:null,&quot;targetWidth&quot;:586,&quot;targetHeight&quot;:275,&quot;scaleAttr&quot;:false,&quot;ariaLabel&quot;:&quot;Enlarge image&quot;,&quot;alt&quot;:&quot;&quot;}\" data-wp-interactive=\"core\/image\" class=\"wp-block-image size-full wp-lightbox-container\"><img loading=\"lazy\" decoding=\"async\" width=\"586\" height=\"275\" data-wp-init=\"callbacks.setButtonStyles\" data-wp-on--click=\"actions.showLightbox\" data-wp-on--load=\"callbacks.setButtonStyles\" data-wp-on-window--resize=\"callbacks.setButtonStyles\" data-id=\"2077\" src=\"https:\/\/www.laserrasportwellness.com\/wp-content\/uploads\/2024\/07\/001595101.jpg\" alt=\"\" class=\"wp-image-2077\" srcset=\"https:\/\/www.laserrasportwellness.com\/wp-content\/uploads\/2024\/07\/001595101.jpg 586w, https:\/\/www.laserrasportwellness.com\/wp-content\/uploads\/2024\/07\/001595101-300x141.jpg 300w\" sizes=\"(max-width: 586px) 100vw, 586px\" \/><button\n\t\t\tclass=\"lightbox-trigger\"\n\t\t\ttype=\"button\"\n\t\t\taria-haspopup=\"dialog\"\n\t\t\taria-label=\"Enlarge image\"\n\t\t\tdata-wp-init=\"callbacks.initTriggerButton\"\n\t\t\tdata-wp-on--click=\"actions.showLightbox\"\n\t\t\tdata-wp-style--right=\"context.imageButtonRight\"\n\t\t\tdata-wp-style--top=\"context.imageButtonTop\"\n\t\t>\n\t\t\t<svg xmlns=\"http:\/\/www.w3.org\/2000\/svg\" width=\"12\" height=\"12\" fill=\"none\" viewBox=\"0 0 12 12\">\n\t\t\t\t<path fill=\"#fff\" d=\"M2 0a2 2 0 0 0-2 2v2h1.5V2a.5.5 0 0 1 .5-.5h2V0H2Zm2 10.5H2a.5.5 0 0 1-.5-.5V8H0v2a2 2 0 0 0 2 2h2v-1.5ZM8 12v-1.5h2a.5.5 0 0 0 .5-.5V8H12v2a2 2 0 0 1-2 2H8Zm2-12a2 2 0 0 1 2 2v2h-1.5V2a.5.5 0 0 0-.5-.5H8V0h2Z\" \/>\n\t\t\t<\/svg>\n\t\t<\/button><\/figure>\n<\/figure>\n\n\n\n<div style=\"height:20px\" aria-hidden=\"true\" class=\"wp-block-spacer\"><\/div>\n\n\n\n<p>The first written records we have of our home date back to the year 955, in a document that refers to the place as <em>\u201cvilla Decollatus.\u201d<\/em> Local oral tradition has long linked the name <em>La Serra<\/em> to events that took place in the village in 1714 during the War of the Spanish Succession, but the truth is that its story goes much much further back. The current <em>masia<\/em> (farmhouse) and its architecture date from 1610, when it was built over earlier medieval remains. Among its most distinctive features are the watchtowers, originally built for defense and protection. Over the centuries, the property passed through private hands and religious institutions, and was even occupied by Castilian troops during the War of the Spanish Succession.<\/p>\n\n\n\n<h3 class=\"wp-block-heading capcalera-ubicacio\"><strong>A Name with Deep, Ancient Roots<\/strong><\/h3>\n\n\n\n<p class=\"has-normal-font-size\">La Serra de Degollats is documented as a place name as early as 955, and the first reference to the building itself dates from 979: <em>\u201c\u2026in apenditio de chastrum Merles, in terminio de villa vocitata Decollatus\u2026\u201d<\/em> The name <em>\u201cDegollats\u201d<\/em> comes from the Latin <em>decollo<\/em>, meaning \u201cto behead,\u201d or from <em>decollatos<\/em> \u2014 \u201cthe beheaded.\u201d For generations, people believed the name came from the events of 1714, when a group from Prats de Llu\u00e7an\u00e8s \u2014 the village next door \u2014 attacked a detachment of Bracamonte\u2019s troops in revenge after they had burned their town. But, as you can see, the name of this house is much, much older.<\/p>\n\n\n\n<h3 class=\"wp-block-heading capcalera-ubicacio\"><strong>From Medieval Landholdings to the War of Spanish Succession<\/strong><\/h3>\n\n\n\n<p>By the 11th century, La Serra de Degollats was already a well-established property, donated to the Monastery of Sant Pere de la Portella, and later linked to the Monastery of Llu\u00e7\u00e0, with which it maintained a close connection throughout the Middle Ages. Over time, it passed between religious orders and private owners, and during the War of Succession, it was occupied by Bracamonte\u2019s troops. Its position, right between the Merl\u00e8s valley and the high plains of Prats de Llu\u00e7an\u00e8s, made it a strategic stronghold.<\/p>\n\n\n\n<h3 class=\"wp-block-heading capcalera-ubicacio\"><strong>Architecture with Character<\/strong><\/h3>\n\n\n\n<p>The current <em>masia<\/em> was built in the 17th century over medieval foundations. It features thick stone walls, defensive towers, and a striking main doorway carved with solar and religious symbols. It\u2019s a large, solid house, full of openings, loopholes, and a walled courtyard that wraps around it. A building with soul \u2014 the kind that speaks for itself.<\/p>\n\n\n\n<p class=\"has-text-align-center\"><strong><strong>Walls that hold stories. Walls that are home and warmth. Walls that welcome you, always.<\/strong><\/strong><\/p>\n\n\n\n<p class=\"has-text-align-center\"><br><strong>La Serra Sport &amp; Wellness<\/strong><\/p>\n","protected":false},"excerpt":{"rendered":"<p>Roots, memories, tradition, and the path towards what we want to become.<br \/>\nA farmhouse with centuries of history \u2014 a living witness of our heritage. But where does our home come from? Our name, our story?<\/p>\n","protected":false},"author":1,"featured_media":0,"parent":0,"menu_order":0,"comment_status":"closed","ping_status":"closed","template":"template-wide-page.php","meta":{"inline_featured_image":false,"footnotes":""},"_links":{"self":[{"href":"https:\/\/www.laserrasportwellness.com\/en\/wp-json\/wp\/v2\/pages\/2672"}],"collection":[{"href":"https:\/\/www.laserrasportwellness.com\/en\/wp-json\/wp\/v2\/pages"}],"about":[{"href":"https:\/\/www.laserrasportwellness.com\/en\/wp-json\/wp\/v2\/types\/page"}],"author":[{"embeddable":true,"href":"https:\/\/www.laserrasportwellness.com\/en\/wp-json\/wp\/v2\/users\/1"}],"replies":[{"embeddable":true,"href":"https:\/\/www.laserrasportwellness.com\/en\/wp-json\/wp\/v2\/comments?post=2672"}],"version-history":[{"count":7,"href":"https:\/\/www.laserrasportwellness.com\/en\/wp-json\/wp\/v2\/pages\/2672\/revisions"}],"predecessor-version":[{"id":4267,"href":"https:\/\/www.laserrasportwellness.com\/en\/wp-json\/wp\/v2\/pages\/2672\/revisions\/4267"}],"wp:attachment":[{"href":"https:\/\/www.laserrasportwellness.com\/en\/wp-json\/wp\/v2\/media?parent=2672"}],"curies":[{"name":"wp","href":"https:\/\/api.w.org\/{rel}","templated":true}]}}