{"id":3803,"date":"2025-09-10T12:19:58","date_gmt":"2025-09-10T10:19:58","guid":{"rendered":"https:\/\/www.laserrasportwellness.com\/apats-a-la-serra\/"},"modified":"2026-02-04T11:05:38","modified_gmt":"2026-02-04T10:05:38","slug":"apats-a-la-serra","status":"publish","type":"page","link":"https:\/\/www.laserrasportwellness.com\/en\/apats-a-la-serra\/","title":{"rendered":"Our Meals"},"content":{"rendered":"\n<div style=\"height:50px\" aria-hidden=\"true\" class=\"wp-block-spacer\"><\/div>\n\n\n\n<div class=\"wp-block-getwid-section\"><div class=\"wp-block-getwid-section__wrapper\"><div class=\"wp-block-getwid-section__inner-wrapper\"><div class=\"wp-block-getwid-section__background-holder\"><div class=\"wp-block-getwid-section__background\"><\/div><div class=\"wp-block-getwid-section__foreground\"><\/div><\/div><div class=\"wp-block-getwid-section__content\"><div class=\"wp-block-getwid-section__inner-content\">\n<div class=\"wp-block-getwid-section\"><div class=\"wp-block-getwid-section__wrapper\"><div class=\"wp-block-getwid-section__inner-wrapper\"><div class=\"wp-block-getwid-section__background-holder\"><div class=\"wp-block-getwid-section__background\"><\/div><div class=\"wp-block-getwid-section__foreground\"><\/div><\/div><div class=\"wp-block-getwid-section__content\"><div class=\"wp-block-getwid-section__inner-content\">\n<div class=\"wp-block-columns is-layout-flex wp-container-core-columns-is-layout-1 wp-block-columns-is-layout-flex\">\n<div class=\"wp-block-column is-vertically-aligned-center ordre-2 is-layout-flow wp-block-column-is-layout-flow\" style=\"flex-basis:50%\">\n<div class=\"wp-block-getwid-images-slider has-arrows-none has-dots-inside has-images-center has-cropped-images alignwide\"><div class=\"wp-block-getwid-images-slider__wrapper\" data-effect=\"slide\" data-slides-show=\"1\" data-slides-show-laptop=\"1\" data-slides-show-tablet=\"1\" data-slides-show-mobile=\"1\" data-slides-scroll=\"1\" data-autoplay=\"true\" data-autoplay-speed=\"6000\" data-infinite=\"true\" data-animation-speed=\"800\" data-center-mode=\"false\" data-variable-width=\"false\" data-arrows=\"none\" data-dots=\"inside\" data-spacing=\"none\"><div class=\"wp-block-getwid-images-slider__item\"><figure><img loading=\"lazy\" decoding=\"async\" width=\"1753\" height=\"2560\" src=\"https:\/\/www.laserrasportwellness.com\/wp-content\/uploads\/2025\/10\/DSC02546-scaled.jpg\" data-id=\"4379\" data-link=\"https:\/\/www.laserrasportwellness.com\/apats-a-la-serra\/attachment\/dsc02546\/\" data-original-link=\"https:\/\/www.laserrasportwellness.com\/wp-content\/uploads\/2025\/10\/DSC02546-scaled.jpg\" class=\"wp-block-getwid-images-slider__image wp-image-4379\" srcset=\"https:\/\/www.laserrasportwellness.com\/wp-content\/uploads\/2025\/10\/DSC02546-scaled.jpg 1753w, https:\/\/www.laserrasportwellness.com\/wp-content\/uploads\/2025\/10\/DSC02546-205x300.jpg 205w, https:\/\/www.laserrasportwellness.com\/wp-content\/uploads\/2025\/10\/DSC02546-701x1024.jpg 701w, https:\/\/www.laserrasportwellness.com\/wp-content\/uploads\/2025\/10\/DSC02546-768x1122.jpg 768w, https:\/\/www.laserrasportwellness.com\/wp-content\/uploads\/2025\/10\/DSC02546-1052x1536.jpg 1052w, https:\/\/www.laserrasportwellness.com\/wp-content\/uploads\/2025\/10\/DSC02546-1402x2048.jpg 1402w, https:\/\/www.laserrasportwellness.com\/wp-content\/uploads\/2025\/10\/DSC02546-892x1303.jpg 892w, https:\/\/www.laserrasportwellness.com\/wp-content\/uploads\/2025\/10\/DSC02546-1350x1972.jpg 1350w\" sizes=\"(max-width: 1753px) 100vw, 1753px\" \/><figcaption class=\"wp-block-getwid-images-slider__caption\">Aesthetic<\/figcaption><\/figure><\/div><div class=\"wp-block-getwid-images-slider__item\"><figure><img loading=\"lazy\" decoding=\"async\" width=\"1707\" height=\"2560\" src=\"https:\/\/www.laserrasportwellness.com\/wp-content\/uploads\/2025\/10\/DSC02764-1-scaled.jpg\" data-id=\"4363\" data-link=\"https:\/\/www.laserrasportwellness.com\/apats-a-la-serra\/attachment\/dsc02764-1\/\" data-original-link=\"https:\/\/www.laserrasportwellness.com\/wp-content\/uploads\/2025\/10\/DSC02764-1-scaled.jpg\" class=\"wp-block-getwid-images-slider__image wp-image-4363\" srcset=\"https:\/\/www.laserrasportwellness.com\/wp-content\/uploads\/2025\/10\/DSC02764-1-scaled.jpg 1707w, https:\/\/www.laserrasportwellness.com\/wp-content\/uploads\/2025\/10\/DSC02764-1-200x300.jpg 200w, https:\/\/www.laserrasportwellness.com\/wp-content\/uploads\/2025\/10\/DSC02764-1-683x1024.jpg 683w, https:\/\/www.laserrasportwellness.com\/wp-content\/uploads\/2025\/10\/DSC02764-1-768x1152.jpg 768w, https:\/\/www.laserrasportwellness.com\/wp-content\/uploads\/2025\/10\/DSC02764-1-1024x1536.jpg 1024w, https:\/\/www.laserrasportwellness.com\/wp-content\/uploads\/2025\/10\/DSC02764-1-1365x2048.jpg 1365w, https:\/\/www.laserrasportwellness.com\/wp-content\/uploads\/2025\/10\/DSC02764-1-892x1338.jpg 892w, https:\/\/www.laserrasportwellness.com\/wp-content\/uploads\/2025\/10\/DSC02764-1-1350x2025.jpg 1350w\" sizes=\"(max-width: 1707px) 100vw, 1707px\" \/><figcaption class=\"wp-block-getwid-images-slider__caption\">Saludable <\/figcaption><\/figure><\/div><div class=\"wp-block-getwid-images-slider__item\"><figure><img loading=\"lazy\" decoding=\"async\" width=\"2560\" height=\"1691\" src=\"https:\/\/www.laserrasportwellness.com\/wp-content\/uploads\/2025\/10\/DSC02749-1-scaled.jpg\" data-id=\"4367\" data-link=\"https:\/\/www.laserrasportwellness.com\/apats-a-la-serra\/attachment\/dsc02749-1\/\" data-original-link=\"https:\/\/www.laserrasportwellness.com\/wp-content\/uploads\/2025\/10\/DSC02749-1-scaled.jpg\" class=\"wp-block-getwid-images-slider__image wp-image-4367\" srcset=\"https:\/\/www.laserrasportwellness.com\/wp-content\/uploads\/2025\/10\/DSC02749-1-scaled.jpg 2560w, https:\/\/www.laserrasportwellness.com\/wp-content\/uploads\/2025\/10\/DSC02749-1-300x198.jpg 300w, https:\/\/www.laserrasportwellness.com\/wp-content\/uploads\/2025\/10\/DSC02749-1-1024x676.jpg 1024w, https:\/\/www.laserrasportwellness.com\/wp-content\/uploads\/2025\/10\/DSC02749-1-768x507.jpg 768w, https:\/\/www.laserrasportwellness.com\/wp-content\/uploads\/2025\/10\/DSC02749-1-1536x1014.jpg 1536w, https:\/\/www.laserrasportwellness.com\/wp-content\/uploads\/2025\/10\/DSC02749-1-2048x1353.jpg 2048w, https:\/\/www.laserrasportwellness.com\/wp-content\/uploads\/2025\/10\/DSC02749-1-892x589.jpg 892w, https:\/\/www.laserrasportwellness.com\/wp-content\/uploads\/2025\/10\/DSC02749-1-1350x892.jpg 1350w\" sizes=\"(max-width: 2560px) 100vw, 2560px\" \/><figcaption class=\"wp-block-getwid-images-slider__caption\">Esmorzars de km.0<\/figcaption><\/figure><\/div><div class=\"wp-block-getwid-images-slider__item\"><figure><img loading=\"lazy\" decoding=\"async\" width=\"2560\" height=\"1707\" src=\"https:\/\/www.laserrasportwellness.com\/wp-content\/uploads\/2025\/10\/DSC02735-scaled.jpg\" data-id=\"4371\" data-link=\"https:\/\/www.laserrasportwellness.com\/apats-a-la-serra\/attachment\/dsc02735\/\" data-original-link=\"https:\/\/www.laserrasportwellness.com\/wp-content\/uploads\/2025\/10\/DSC02735-scaled.jpg\" class=\"wp-block-getwid-images-slider__image wp-image-4371\" srcset=\"https:\/\/www.laserrasportwellness.com\/wp-content\/uploads\/2025\/10\/DSC02735-scaled.jpg 2560w, https:\/\/www.laserrasportwellness.com\/wp-content\/uploads\/2025\/10\/DSC02735-300x200.jpg 300w, https:\/\/www.laserrasportwellness.com\/wp-content\/uploads\/2025\/10\/DSC02735-1024x683.jpg 1024w, https:\/\/www.laserrasportwellness.com\/wp-content\/uploads\/2025\/10\/DSC02735-768x512.jpg 768w, https:\/\/www.laserrasportwellness.com\/wp-content\/uploads\/2025\/10\/DSC02735-1536x1024.jpg 1536w, https:\/\/www.laserrasportwellness.com\/wp-content\/uploads\/2025\/10\/DSC02735-2048x1365.jpg 2048w, https:\/\/www.laserrasportwellness.com\/wp-content\/uploads\/2025\/10\/DSC02735-892x595.jpg 892w, https:\/\/www.laserrasportwellness.com\/wp-content\/uploads\/2025\/10\/DSC02735-1350x900.jpg 1350w\" sizes=\"(max-width: 2560px) 100vw, 2560px\" \/><figcaption class=\"wp-block-getwid-images-slider__caption\">Organic<\/figcaption><\/figure><\/div><div class=\"wp-block-getwid-images-slider__item\"><figure><img loading=\"lazy\" decoding=\"async\" width=\"2560\" height=\"1707\" src=\"https:\/\/www.laserrasportwellness.com\/wp-content\/uploads\/2025\/10\/DSC02725-scaled.jpg\" data-id=\"4375\" data-link=\"https:\/\/www.laserrasportwellness.com\/apats-a-la-serra\/attachment\/dsc02725\/\" data-original-link=\"https:\/\/www.laserrasportwellness.com\/wp-content\/uploads\/2025\/10\/DSC02725-scaled.jpg\" class=\"wp-block-getwid-images-slider__image wp-image-4375\" srcset=\"https:\/\/www.laserrasportwellness.com\/wp-content\/uploads\/2025\/10\/DSC02725-scaled.jpg 2560w, https:\/\/www.laserrasportwellness.com\/wp-content\/uploads\/2025\/10\/DSC02725-300x200.jpg 300w, https:\/\/www.laserrasportwellness.com\/wp-content\/uploads\/2025\/10\/DSC02725-1024x683.jpg 1024w, https:\/\/www.laserrasportwellness.com\/wp-content\/uploads\/2025\/10\/DSC02725-768x512.jpg 768w, https:\/\/www.laserrasportwellness.com\/wp-content\/uploads\/2025\/10\/DSC02725-1536x1024.jpg 1536w, https:\/\/www.laserrasportwellness.com\/wp-content\/uploads\/2025\/10\/DSC02725-2048x1365.jpg 2048w, https:\/\/www.laserrasportwellness.com\/wp-content\/uploads\/2025\/10\/DSC02725-892x595.jpg 892w, https:\/\/www.laserrasportwellness.com\/wp-content\/uploads\/2025\/10\/DSC02725-1350x900.jpg 1350w\" sizes=\"(max-width: 2560px) 100vw, 2560px\" \/><figcaption class=\"wp-block-getwid-images-slider__caption\">Fet a casa<\/figcaption><\/figure><\/div><\/div><\/div>\n<\/div>\n\n\n\n<div class=\"wp-block-column is-vertically-aligned-center ordre-1 is-layout-flow wp-block-column-is-layout-flow\" style=\"flex-basis:50%\">\n<h2 class=\"wp-block-heading capcalera-ubicacio\"><strong>Homemade breakfasts<\/strong><\/h2>\n\n\n\n<p>Breakfast is always included when booking your stay. <\/p>\n\n\n\n<p>Enjoy our home-style breakfast, served <strong>buffet-style<\/strong> with local and seasonal products from nearby villages: freshly baked bread, local cold cuts, fresh fruit, homemade cakes, artisan jams, and, when available, eggs from the village hens. Organic, sustainable, local and natural. <\/p>\n\n\n\n<p>Each morning is a small taste of local flavors and tradition, designed to help you start the day full of energy and joy.<\/p>\n\n\n\n<p>*Please let us know in advance about any allergies or intolerances so we can adapt the breakfast to your needs.<\/p>\n<\/div>\n<\/div>\n\n\n\n<div style=\"height:80px\" aria-hidden=\"true\" class=\"wp-block-spacer\"><\/div>\n\n\n\n<div class=\"wp-block-columns is-layout-flex wp-container-core-columns-is-layout-2 wp-block-columns-is-layout-flex\">\n<div class=\"wp-block-column is-vertically-aligned-center ordre-1 is-layout-flow wp-block-column-is-layout-flow\" style=\"flex-basis:50%\">\n<h2 class=\"wp-block-heading capcalera-ubicacio\"><strong>Dinners with the Sant Maurici team&nbsp;<\/strong><\/h2>\n\n\n\n<h3 class=\"wp-block-heading\">Booking in advance<\/h3>\n\n\n\n<p>The Bergued\u00e0 and Llu\u00e7an\u00e8s regions are home to a wide range of restaurants, known for their quality and variety of cuisines. At the same time, to offer our guests a convenient option and let them enjoy a delicious dinner right here at home, we have partnered with Pep and Maria from <strong><strong><a href=\"https:\/\/www.instagram.com\/hostalsantmaurici\/?hl=es\" data-type=\"link\" data-id=\"https:\/\/www.instagram.com\/hostalsantmaurici\/?hl=es\">Hostal de Sant Maurici<\/a><\/strong><\/strong>, one of our favorite places to enjoy homemade, heartfelt meals.<\/p>\n\n\n\n<p>Each dish is made with local ingredients and all the care and passion Pep and Maria put into their cooking. The meals are prepared specifically for each reservation and served at La Serra, so guests can enjoy a homemade dinner without losing the peaceful, family-friendly atmosphere that makes our home special.<\/p>\n\n\n\n<p>To ensure the best experience, we ask that reservations be made with one week\u2019s notice, specifying the chosen menu. This allows us to coordinate with Pep and Maria and guarantee that everything arrives fresh and prepared especially for you.<\/p>\n<\/div>\n\n\n\n<div class=\"wp-block-column is-vertically-aligned-center ordre-2 is-layout-flow wp-block-column-is-layout-flow\" style=\"flex-basis:50%\">\n<div class=\"wp-block-getwid-images-slider has-arrows-none has-dots-inside has-images-center has-cropped-images alignwide\"><div class=\"wp-block-getwid-images-slider__wrapper\" data-effect=\"slide\" data-slides-show=\"1\" data-slides-show-laptop=\"1\" data-slides-show-tablet=\"1\" data-slides-show-mobile=\"1\" data-slides-scroll=\"1\" data-autoplay=\"true\" data-autoplay-speed=\"6000\" data-infinite=\"true\" data-animation-speed=\"800\" data-center-mode=\"false\" data-variable-width=\"false\" data-arrows=\"none\" data-dots=\"inside\" data-spacing=\"none\"><div class=\"wp-block-getwid-images-slider__item\"><figure><img loading=\"lazy\" decoding=\"async\" width=\"960\" height=\"1280\" src=\"https:\/\/www.laserrasportwellness.com\/wp-content\/uploads\/2025\/09\/WhatsApp-Image-2025-09-18-at-17.46.55.jpeg\" data-id=\"3925\" data-link=\"https:\/\/www.laserrasportwellness.com\/apats-a-la-serra\/attachment\/whatsapp-image-2025-09-18-at-17-46-55-2\/\" data-original-link=\"https:\/\/www.laserrasportwellness.com\/wp-content\/uploads\/2025\/09\/WhatsApp-Image-2025-09-18-at-17.46.55.jpeg\" class=\"wp-block-getwid-images-slider__image wp-image-3925\" srcset=\"https:\/\/www.laserrasportwellness.com\/wp-content\/uploads\/2025\/09\/WhatsApp-Image-2025-09-18-at-17.46.55.jpeg 960w, https:\/\/www.laserrasportwellness.com\/wp-content\/uploads\/2025\/09\/WhatsApp-Image-2025-09-18-at-17.46.55-225x300.jpeg 225w, https:\/\/www.laserrasportwellness.com\/wp-content\/uploads\/2025\/09\/WhatsApp-Image-2025-09-18-at-17.46.55-768x1024.jpeg 768w, https:\/\/www.laserrasportwellness.com\/wp-content\/uploads\/2025\/09\/WhatsApp-Image-2025-09-18-at-17.46.55-892x1189.jpeg 892w\" sizes=\"(max-width: 960px) 100vw, 960px\" \/><\/figure><\/div><div class=\"wp-block-getwid-images-slider__item\"><figure><img loading=\"lazy\" decoding=\"async\" width=\"960\" height=\"1280\" src=\"https:\/\/www.laserrasportwellness.com\/wp-content\/uploads\/2025\/09\/WhatsApp-Image-2025-09-18-at-17.46.42.jpeg\" data-id=\"3921\" data-link=\"https:\/\/www.laserrasportwellness.com\/apats-a-la-serra\/attachment\/whatsapp-image-2025-09-18-at-17-46-42-2\/\" data-original-link=\"https:\/\/www.laserrasportwellness.com\/wp-content\/uploads\/2025\/09\/WhatsApp-Image-2025-09-18-at-17.46.42.jpeg\" class=\"wp-block-getwid-images-slider__image wp-image-3921\" srcset=\"https:\/\/www.laserrasportwellness.com\/wp-content\/uploads\/2025\/09\/WhatsApp-Image-2025-09-18-at-17.46.42.jpeg 960w, https:\/\/www.laserrasportwellness.com\/wp-content\/uploads\/2025\/09\/WhatsApp-Image-2025-09-18-at-17.46.42-225x300.jpeg 225w, https:\/\/www.laserrasportwellness.com\/wp-content\/uploads\/2025\/09\/WhatsApp-Image-2025-09-18-at-17.46.42-768x1024.jpeg 768w, https:\/\/www.laserrasportwellness.com\/wp-content\/uploads\/2025\/09\/WhatsApp-Image-2025-09-18-at-17.46.42-892x1189.jpeg 892w\" sizes=\"(max-width: 960px) 100vw, 960px\" \/><\/figure><\/div><div class=\"wp-block-getwid-images-slider__item\"><figure><img loading=\"lazy\" decoding=\"async\" width=\"960\" height=\"1280\" src=\"https:\/\/www.laserrasportwellness.com\/wp-content\/uploads\/2025\/09\/WhatsApp-Image-2025-09-18-at-17.46.28.jpeg\" data-id=\"3917\" data-link=\"https:\/\/www.laserrasportwellness.com\/apats-a-la-serra\/attachment\/whatsapp-image-2025-09-18-at-17-46-28-2\/\" data-original-link=\"https:\/\/www.laserrasportwellness.com\/wp-content\/uploads\/2025\/09\/WhatsApp-Image-2025-09-18-at-17.46.28.jpeg\" class=\"wp-block-getwid-images-slider__image wp-image-3917\" srcset=\"https:\/\/www.laserrasportwellness.com\/wp-content\/uploads\/2025\/09\/WhatsApp-Image-2025-09-18-at-17.46.28.jpeg 960w, https:\/\/www.laserrasportwellness.com\/wp-content\/uploads\/2025\/09\/WhatsApp-Image-2025-09-18-at-17.46.28-225x300.jpeg 225w, https:\/\/www.laserrasportwellness.com\/wp-content\/uploads\/2025\/09\/WhatsApp-Image-2025-09-18-at-17.46.28-768x1024.jpeg 768w, https:\/\/www.laserrasportwellness.com\/wp-content\/uploads\/2025\/09\/WhatsApp-Image-2025-09-18-at-17.46.28-892x1189.jpeg 892w\" sizes=\"(max-width: 960px) 100vw, 960px\" \/><\/figure><\/div><\/div><\/div>\n<\/div>\n<\/div>\n\n\n\n<div style=\"height:80px\" aria-hidden=\"true\" class=\"wp-block-spacer\"><\/div>\n\n\n\n<div class=\"wp-block-columns is-layout-flex wp-container-core-columns-is-layout-3 wp-block-columns-is-layout-flex\">\n<div class=\"wp-block-column is-vertically-aligned-center ordre-2 is-layout-flow wp-block-column-is-layout-flow\" style=\"flex-basis:50%\">\n<div class=\"wp-block-getwid-images-slider has-arrows-none has-dots-inside has-images-center has-cropped-images alignwide\"><div class=\"wp-block-getwid-images-slider__wrapper\" data-effect=\"slide\" data-slides-show=\"1\" data-slides-show-laptop=\"1\" data-slides-show-tablet=\"1\" data-slides-show-mobile=\"1\" data-slides-scroll=\"1\" data-autoplay=\"true\" data-autoplay-speed=\"6000\" data-infinite=\"true\" data-animation-speed=\"800\" data-center-mode=\"false\" data-variable-width=\"false\" data-arrows=\"none\" data-dots=\"inside\" data-spacing=\"none\"><div class=\"wp-block-getwid-images-slider__item\"><figure><img loading=\"lazy\" decoding=\"async\" width=\"1737\" height=\"2560\" src=\"https:\/\/www.laserrasportwellness.com\/wp-content\/uploads\/2025\/10\/DSC02743-scaled.jpg\" data-id=\"4385\" data-link=\"https:\/\/www.laserrasportwellness.com\/apats-a-la-serra\/attachment\/dsc02743\/\" data-original-link=\"https:\/\/www.laserrasportwellness.com\/wp-content\/uploads\/2025\/10\/DSC02743-scaled.jpg\" class=\"wp-block-getwid-images-slider__image wp-image-4385\" srcset=\"https:\/\/www.laserrasportwellness.com\/wp-content\/uploads\/2025\/10\/DSC02743-scaled.jpg 1737w, https:\/\/www.laserrasportwellness.com\/wp-content\/uploads\/2025\/10\/DSC02743-204x300.jpg 204w, https:\/\/www.laserrasportwellness.com\/wp-content\/uploads\/2025\/10\/DSC02743-695x1024.jpg 695w, https:\/\/www.laserrasportwellness.com\/wp-content\/uploads\/2025\/10\/DSC02743-768x1132.jpg 768w, https:\/\/www.laserrasportwellness.com\/wp-content\/uploads\/2025\/10\/DSC02743-1042x1536.jpg 1042w, https:\/\/www.laserrasportwellness.com\/wp-content\/uploads\/2025\/10\/DSC02743-1389x2048.jpg 1389w, https:\/\/www.laserrasportwellness.com\/wp-content\/uploads\/2025\/10\/DSC02743-892x1315.jpg 892w, https:\/\/www.laserrasportwellness.com\/wp-content\/uploads\/2025\/10\/DSC02743-1350x1990.jpg 1350w\" sizes=\"(max-width: 1737px) 100vw, 1737px\" \/><\/figure><\/div><\/div><\/div>\n<\/div>\n\n\n\n<div class=\"wp-block-column is-vertically-aligned-center ordre-1 is-layout-flow wp-block-column-is-layout-flow\" style=\"flex-basis:50%\">\n<h2 class=\"wp-block-heading capcalera-ubicacio\"><strong>Experiences<\/strong><\/h2>\n\n\n\n<p>For our experiences \u2014whether they are sport-focused, wellbeing-oriented, creative or group stays\u2014 we collaborate with chefs and culinary professionals from the region. This allows us to adapt to each group and each moment: light lunches, refined dinners, vegetarian proposals, athlete-oriented menus, local tastings or specific catering requests.<\/p>\n\n\n\n<p>Each proposal is designed with care, criteria and a consistent standard of quality, always aligned with the house and the values of La Serra: local produce, respect for the territory and kitchens that tell the story of where we come from.<\/p>\n\n\n\n<p>Gastronomic experiences can take many forms: part of an activity, a special dinner, a tasting, or simply a moment of pause between work sessions or movement. Every menu is shaped according to the group\u2019s rhythm, the type of stay and the experience they want to live at the house.<\/p>\n\n\n\n<div class=\"wp-block-buttons is-layout-flex wp-block-buttons-is-layout-flex\">\n<div class=\"wp-block-button\"><a class=\"wp-block-button__link wp-element-button\" href=\"https:\/\/www.laserrasportwellness.com\/en\/contacte\/\">Get in touch<\/a><\/div>\n<\/div>\n<\/div>\n<\/div>\n<\/div><\/div><\/div><\/div><\/div>\n\n\n\n<div style=\"height:40px\" aria-hidden=\"true\" class=\"wp-block-spacer\"><\/div>\n<\/div><\/div><\/div><\/div><\/div>\n\n\n\n<h2 class=\"wp-block-heading has-text-align-left\"><strong>FAQ \u2013 Preguntes freq\u00fcents<\/strong><\/h2>\n\n\n\n<div style=\"height:11px\" aria-hidden=\"true\" class=\"wp-block-spacer\"><\/div>\n\n\n\n<div class=\"wp-block-columns is-layout-flex wp-container-core-columns-is-layout-4 wp-block-columns-is-layout-flex\">\n<div class=\"wp-block-column is-layout-flow wp-block-column-is-layout-flow\">\n<div class=\"wp-block-getwid-accordion has-icon-left\" data-active-element=\"none\">\n<div class=\"wp-block-getwid-accordion__header-wrapper\"><span class=\"wp-block-getwid-accordion__header\"><a href=\"#\"><span class=\"wp-block-getwid-accordion__header-title\"><strong><strong>Is breakfast always included?<\/strong><\/strong><\/span><span class=\"wp-block-getwid-accordion__icon is-active\"><i class=\"fas fa-plus\"><\/i><\/span><span class=\"wp-block-getwid-accordion__icon is-passive\"><i class=\"fas fa-minus\"><\/i><\/span><\/a><\/span><\/div><div class=\"wp-block-getwid-accordion__content-wrapper\"><div class=\"wp-block-getwid-accordion__content\">\n<p>Yes! When you book a room, breakfast is included. Just come hungry and ready to enjoy local and seasonal products.<\/p>\n<\/div><\/div>\n\n\n\n<div class=\"wp-block-getwid-accordion__header-wrapper\"><span class=\"wp-block-getwid-accordion__header\"><a href=\"#\"><span class=\"wp-block-getwid-accordion__header-title\"><strong><strong>At what time is breakfast served?<\/strong><\/strong><\/span><span class=\"wp-block-getwid-accordion__icon is-active\"><i class=\"fas fa-plus\"><\/i><\/span><span class=\"wp-block-getwid-accordion__icon is-passive\"><i class=\"fas fa-minus\"><\/i><\/span><\/a><\/span><\/div><div class=\"wp-block-getwid-accordion__content-wrapper\"><div class=\"wp-block-getwid-accordion__content\">\n<p>Breakfast is served from 07:30 to 09:30. Whenever possible, we can adapt to your schedule if you let us know in advance. We also offer a picnic-style breakfast as an alternative.<\/p>\n<\/div><\/div>\n\n\n\n<div class=\"wp-block-getwid-accordion__header-wrapper\"><span class=\"wp-block-getwid-accordion__header\"><a href=\"#\"><span class=\"wp-block-getwid-accordion__header-title\"><strong>Can dinners be customized?<\/strong><\/span><span class=\"wp-block-getwid-accordion__icon is-active\"><i class=\"fas fa-plus\"><\/i><\/span><span class=\"wp-block-getwid-accordion__icon is-passive\"><i class=\"fas fa-minus\"><\/i><\/span><\/a><\/span><\/div><div class=\"wp-block-getwid-accordion__content-wrapper\"><div class=\"wp-block-getwid-accordion__content\">\n<p>Whenever possible, we can adjust dishes for allergies, dietary preferences, or special needs. Just let us know in advance.<\/p>\n<\/div><\/div>\n\n\n\n<div class=\"wp-block-getwid-accordion__header-wrapper\"><span class=\"wp-block-getwid-accordion__header\"><a href=\"#\"><span class=\"wp-block-getwid-accordion__header-title\"><strong>Why do I need to confirm and choose the dinner menu in advance?<\/strong><\/span><span class=\"wp-block-getwid-accordion__icon is-active\"><i class=\"fas fa-plus\"><\/i><\/span><span class=\"wp-block-getwid-accordion__icon is-passive\"><i class=\"fas fa-minus\"><\/i><\/span><\/a><\/span><\/div><div class=\"wp-block-getwid-accordion__content-wrapper\"><div class=\"wp-block-getwid-accordion__content\">\n<p>La Serra is not a restaurant, so to offer fresh, high-quality dinners every day, we need to know in advance how many people will dine and which dishes they choose. This allows us to coordinate with Pep and Maria and prepare everything calmly, while keeping the cozy, family-like atmosphere of the house.<\/p>\n<\/div><\/div>\n\n\n\n<div class=\"wp-block-getwid-accordion__header-wrapper\"><span class=\"wp-block-getwid-accordion__header\"><a href=\"#\"><span class=\"wp-block-getwid-accordion__header-title\"><strong>Can we cook in the kitchen ourselves?<\/strong><\/span><span class=\"wp-block-getwid-accordion__icon is-active\"><i class=\"fas fa-plus\"><\/i><\/span><span class=\"wp-block-getwid-accordion__icon is-passive\"><i class=\"fas fa-minus\"><\/i><\/span><\/a><\/span><\/div><div class=\"wp-block-getwid-accordion__content-wrapper\"><div class=\"wp-block-getwid-accordion__content\">\n<p>If all the rooms of La Serra are booked by the same group, you\u2019ll have the option to cook your own meals in the kitchen, although this is not our standard service. If you plan to do so, please contact us in advance so we can coordinate everything.<\/p>\n<\/div><\/div>\n\n\n\n<div class=\"wp-block-getwid-accordion__header-wrapper\"><span class=\"wp-block-getwid-accordion__header\"><a href=\"#\"><span class=\"wp-block-getwid-accordion__header-title\"><strong>Can I book catering for a special event?<\/strong><\/span><span class=\"wp-block-getwid-accordion__icon is-active\"><i class=\"fas fa-plus\"><\/i><\/span><span class=\"wp-block-getwid-accordion__icon is-passive\"><i class=\"fas fa-minus\"><\/i><\/span><\/a><\/span><\/div><div class=\"wp-block-getwid-accordion__content-wrapper\"><div class=\"wp-block-getwid-accordion__content\">\n<p>Absolutely! We work with several trusted catering services and will help you find the best option depending on your event and the number of guests.<\/p>\n<\/div><\/div>\n<\/div>\n<\/div>\n<\/div>\n\n\n\n<h2 class=\"wp-block-heading has-text-align-left\">Have more questions? Write us and we\u2019ll get back to you right away!<strong> <\/strong><\/h2>\n\n\n\n<div style=\"height:30px\" aria-hidden=\"true\" class=\"wp-block-spacer\"><\/div>\n","protected":false},"excerpt":{"rendered":"<p>Homemade breakfasts and local dinners to make you feel at home<\/p>\n","protected":false},"author":1,"featured_media":0,"parent":0,"menu_order":0,"comment_status":"closed","ping_status":"closed","template":"template-wide-page.php","meta":{"inline_featured_image":false,"footnotes":""},"_links":{"self":[{"href":"https:\/\/www.laserrasportwellness.com\/en\/wp-json\/wp\/v2\/pages\/3803"}],"collection":[{"href":"https:\/\/www.laserrasportwellness.com\/en\/wp-json\/wp\/v2\/pages"}],"about":[{"href":"https:\/\/www.laserrasportwellness.com\/en\/wp-json\/wp\/v2\/types\/page"}],"author":[{"embeddable":true,"href":"https:\/\/www.laserrasportwellness.com\/en\/wp-json\/wp\/v2\/users\/1"}],"replies":[{"embeddable":true,"href":"https:\/\/www.laserrasportwellness.com\/en\/wp-json\/wp\/v2\/comments?post=3803"}],"version-history":[{"count":9,"href":"https:\/\/www.laserrasportwellness.com\/en\/wp-json\/wp\/v2\/pages\/3803\/revisions"}],"predecessor-version":[{"id":4779,"href":"https:\/\/www.laserrasportwellness.com\/en\/wp-json\/wp\/v2\/pages\/3803\/revisions\/4779"}],"wp:attachment":[{"href":"https:\/\/www.laserrasportwellness.com\/en\/wp-json\/wp\/v2\/media?parent=3803"}],"curies":[{"name":"wp","href":"https:\/\/api.w.org\/{rel}","templated":true}]}}