{"id":2712,"date":"2019-08-20T12:10:13","date_gmt":"2019-08-20T10:10:13","guid":{"rendered":"https:\/\/www.laserrasportwellness.com\/contacte\/"},"modified":"2025-09-03T12:55:18","modified_gmt":"2025-09-03T10:55:18","slug":"contacte","status":"publish","type":"page","link":"https:\/\/www.laserrasportwellness.com\/es\/contacte\/","title":{"rendered":"Contacto"},"content":{"rendered":"\n<div style=\"height:30px\" aria-hidden=\"true\" class=\"wp-block-spacer\"><\/div>\n\n\n\n<div class=\"wp-block-columns has-2-columns is-layout-flex wp-container-core-columns-is-layout-1 wp-block-columns-is-layout-flex\">\n<div class=\"wp-block-column is-layout-flow wp-block-column-is-layout-flow\">\n<div class=\"wp-block-getwid-advanced-heading\" style=\"margin-bottom:30px\"><h2 class=\"wp-block-getwid-advanced-heading__content\">\u00bfHablamos?<\/h2><\/div>\n\n\n\n<p>Tanto si sue\u00f1as con una escapada inolvidable como si simplemente tienes curiosidad por nuestras actividades, la casa o el entorno, nos encantar\u00e1 ayudarte.<\/p>\n\n\n\n<p>Elige la v\u00eda que prefieras y cu\u00e9ntanos qu\u00e9 tienes en mente. Para nosotros, escucharte es el primer paso de tu experiencia en La Serra.<\/p>\n\n\n\n<div style=\"height:20px\" aria-hidden=\"true\" class=\"wp-block-spacer\"><\/div>\n\n\n\n<div class=\"wp-block-getwid-advanced-heading has-custom-font-size\" style=\"font-size:14px;margin-bottom:0px\"><span class=\"wp-block-getwid-advanced-heading__content\">Direcci\u00f3n<\/span><\/div>\n\n\n\n<div class=\"wp-block-getwid-advanced-heading has-custom-font-size\" style=\"font-size:normal\"><span class=\"wp-block-getwid-advanced-heading__content has-text-color has-arsenic-color\" style=\"font-weight:500\">Serra de Degollats, 08517, Santa Maria de Merl\u00e8s, Barcelona<\/span><\/div>\n\n\n\n<div class=\"wp-block-getwid-advanced-heading has-custom-font-size\" style=\"font-size:14px;margin-bottom:0px\"><span class=\"wp-block-getwid-advanced-heading__content\">Tel\u00e9fono de contacto<\/span><\/div>\n\n\n\n<div class=\"wp-block-getwid-advanced-heading has-custom-font-size\" style=\"font-size:normal\"><span class=\"wp-block-getwid-advanced-heading__content has-text-color has-arsenic-color\" style=\"font-weight:500\"><a href=\"tel:19544566789\">0034 697 301 507<\/a><\/span><\/div>\n\n\n\n<div class=\"wp-block-getwid-advanced-heading has-custom-font-size\" style=\"font-size:14px;margin-bottom:0px\"><span class=\"wp-block-getwid-advanced-heading__content\">Correo electr\u00f3nico<\/span><\/div>\n\n\n\n<div class=\"wp-block-getwid-advanced-heading has-custom-font-size\" style=\"font-size:normal\"><span class=\"wp-block-getwid-advanced-heading__content has-text-color has-arsenic-color\" style=\"font-weight:500\">info@laserrasportwellness.com<\/span><\/div>\n<\/div>\n\n\n\n<div class=\"wp-block-column is-layout-flow wp-block-column-is-layout-flow\">\n<div class=\"wp-block-getwid-section\"><div class=\"wp-block-getwid-section__wrapper getwid-padding-top-medium getwid-padding-bottom-medium getwid-padding-left-medium getwid-padding-right-medium\"><div class=\"wp-block-getwid-section__inner-wrapper\"><div class=\"wp-block-getwid-section__background-holder\"><div class=\"wp-block-getwid-section__background\"><\/div><div class=\"wp-block-getwid-section__foreground\"><\/div><\/div><div class=\"wp-block-getwid-section__content\"><div class=\"wp-block-getwid-section__inner-content\">        <div class=\"wp-block-getwid-contact-form\" >\r\n            <form class='wp-block-getwid-contact-form__form'>\r\n    \n        <p class='wp-block-getwid-field-name'>\r\n\t    <label\r\n        for='name-69f1ba8fd4162'\r\n        class='wp-block-getwid-field-name__label'\r\n    >Nombre y apellidos *<\/label>\r\n\t    <input id='name-69f1ba8fd4162' type='text' name='name'            placeholder='Nombre y apellidos'             required=''\r\n            \/>\r\n<\/p>\r\n\n\n        <p class='wp-block-getwid-field-email'>\r\n\t    <label\r\n\t\tfor='email-69f1ba8fd437b'\r\n        class='wp-block-getwid-field-email__label'\r\n    >Correo electr\u00f3nico<\/label>\r\n\t    <input id='email-69f1ba8fd437b' type='email' name='email'             placeholder='Email'             required=''    \/>\r\n<\/p>\r\n\n\n        <p class='wp-block-getwid-field-textarea'>\r\n\t    <label\r\n\t\tfor='message-69f1ba8fd452c'\r\n        class='wp-block-getwid-field-textarea__label'\r\n    >Mensaje<\/label>\r\n\t    <textarea\r\n\t\tid='message-69f1ba8fd452c' rows='5' name='message'            placeholder='Comentarios'            required=''\r\n            ><\/textarea>\r\n<\/p>\r\n\n\r\n    <input name='subject'             value='Formulari de contacte web'\t\ttype='hidden'\r\n\t\/>\r\n\r\n\t<p class='wp-block-getwid-contact-form__result'><\/p>\r\n\r\n\t<div class='wp-block-getwid-contact-form__submit'>\r\n\t\t<div class='wp-block-button'>\r\n\t\t\t<button\r\n\t\t\t\ttype='submit'\r\n\t\t\t\tclass='wp-block-button__link has-text-color has-white-color has-background'\t\t\t\t\tstyle='background-color:#a692ad;'\t\t\t>Enviar<\/button>\r\n\t\t<\/div>\r\n\r\n\t<\/div>\r\n<\/form>\r\n        <\/div><\/div><\/div><\/div><\/div><\/div>\n<\/div>\n<\/div>\n\n\n\n<div style=\"height:80px\" aria-hidden=\"true\" class=\"wp-block-spacer\"><\/div>\n\n\n\n<iframe src=\"https:\/\/www.google.com\/maps\/embed?pb=!1m18!1m12!1m3!1d41056.9524997769!2d1.9750420021472535!3d42.00662631023695!2m3!1f0!2f0!3f0!3m2!1i1024!2i768!4f13.1!3m3!1m2!1s0x12a51b52d98f254d%3A0x495e89456a89f7fb!2sSerra%20de%20Degollats!5e0!3m2!1ses!2ses!4v1719919475423!5m2!1ses!2ses\" width=\"100%\" height=\"450\" style=\"border:0;\" allowfullscreen=\"\" loading=\"lazy\" referrerpolicy=\"no-referrer-when-downgrade\"><\/iframe>\n\n\n\n<div style=\"height:50px\" aria-hidden=\"true\" class=\"wp-block-spacer\"><\/div>\n","protected":false},"excerpt":{"rendered":"<p>Tanto si sue\u00f1as con una escapada inolvidable como si simplemente tienes curiosidad por nuestras actividades, la casa o el entorno, nos encantar\u00e1 ayudarte. Elige la v\u00eda que prefieras y cu\u00e9ntanos qu\u00e9 tienes en mente. Para nosotros, escucharte es el primer paso de tu experiencia en La Serra.<\/p>\n","protected":false},"author":1,"featured_media":0,"parent":0,"menu_order":0,"comment_status":"closed","ping_status":"closed","template":"template-wide-page.php","meta":{"inline_featured_image":false,"footnotes":""},"_links":{"self":[{"href":"https:\/\/www.laserrasportwellness.com\/es\/wp-json\/wp\/v2\/pages\/2712"}],"collection":[{"href":"https:\/\/www.laserrasportwellness.com\/es\/wp-json\/wp\/v2\/pages"}],"about":[{"href":"https:\/\/www.laserrasportwellness.com\/es\/wp-json\/wp\/v2\/types\/page"}],"author":[{"embeddable":true,"href":"https:\/\/www.laserrasportwellness.com\/es\/wp-json\/wp\/v2\/users\/1"}],"replies":[{"embeddable":true,"href":"https:\/\/www.laserrasportwellness.com\/es\/wp-json\/wp\/v2\/comments?post=2712"}],"version-history":[{"count":4,"href":"https:\/\/www.laserrasportwellness.com\/es\/wp-json\/wp\/v2\/pages\/2712\/revisions"}],"predecessor-version":[{"id":3510,"href":"https:\/\/www.laserrasportwellness.com\/es\/wp-json\/wp\/v2\/pages\/2712\/revisions\/3510"}],"wp:attachment":[{"href":"https:\/\/www.laserrasportwellness.com\/es\/wp-json\/wp\/v2\/media?parent=2712"}],"curies":[{"name":"wp","href":"https:\/\/api.w.org\/{rel}","templated":true}]}}