{"id":3805,"date":"2025-09-10T12:19:58","date_gmt":"2025-09-10T10:19:58","guid":{"rendered":"https:\/\/www.laserrasportwellness.com\/apats-a-la-serra\/"},"modified":"2026-02-04T11:04:28","modified_gmt":"2026-02-04T10:04:28","slug":"apats-a-la-serra","status":"publish","type":"page","link":"https:\/\/www.laserrasportwellness.com\/es\/apats-a-la-serra\/","title":{"rendered":"Las comidas en La Serra"},"content":{"rendered":"\n<div style=\"height:50px\" aria-hidden=\"true\" class=\"wp-block-spacer\"><\/div>\n\n\n\n<div class=\"wp-block-getwid-section\"><div class=\"wp-block-getwid-section__wrapper\"><div class=\"wp-block-getwid-section__inner-wrapper\"><div class=\"wp-block-getwid-section__background-holder\"><div class=\"wp-block-getwid-section__background\"><\/div><div class=\"wp-block-getwid-section__foreground\"><\/div><\/div><div class=\"wp-block-getwid-section__content\"><div class=\"wp-block-getwid-section__inner-content\">\n<div class=\"wp-block-getwid-section\"><div class=\"wp-block-getwid-section__wrapper\"><div class=\"wp-block-getwid-section__inner-wrapper\"><div class=\"wp-block-getwid-section__background-holder\"><div class=\"wp-block-getwid-section__background\"><\/div><div class=\"wp-block-getwid-section__foreground\"><\/div><\/div><div class=\"wp-block-getwid-section__content\"><div class=\"wp-block-getwid-section__inner-content\">\n<div class=\"wp-block-columns is-layout-flex wp-container-core-columns-is-layout-1 wp-block-columns-is-layout-flex\">\n<div class=\"wp-block-column is-vertically-aligned-center ordre-2 is-layout-flow wp-block-column-is-layout-flow\" style=\"flex-basis:50%\">\n<div class=\"wp-block-getwid-images-slider has-arrows-none has-dots-inside has-images-center has-cropped-images alignwide\"><div class=\"wp-block-getwid-images-slider__wrapper\" data-effect=\"slide\" data-slides-show=\"1\" data-slides-show-laptop=\"1\" data-slides-show-tablet=\"1\" data-slides-show-mobile=\"1\" data-slides-scroll=\"1\" data-autoplay=\"true\" data-autoplay-speed=\"6000\" data-infinite=\"true\" data-animation-speed=\"800\" data-center-mode=\"false\" data-variable-width=\"false\" data-arrows=\"none\" data-dots=\"inside\" data-spacing=\"none\"><div class=\"wp-block-getwid-images-slider__item\"><figure><img loading=\"lazy\" decoding=\"async\" width=\"1753\" height=\"2560\" src=\"https:\/\/www.laserrasportwellness.com\/wp-content\/uploads\/2025\/10\/DSC02546-scaled.jpg\" data-id=\"4381\" data-link=\"https:\/\/www.laserrasportwellness.com\/apats-a-la-serra\/attachment\/dsc02546\/\" data-original-link=\"https:\/\/www.laserrasportwellness.com\/wp-content\/uploads\/2025\/10\/DSC02546-scaled.jpg\" class=\"wp-block-getwid-images-slider__image wp-image-4381\" srcset=\"https:\/\/www.laserrasportwellness.com\/wp-content\/uploads\/2025\/10\/DSC02546-scaled.jpg 1753w, https:\/\/www.laserrasportwellness.com\/wp-content\/uploads\/2025\/10\/DSC02546-205x300.jpg 205w, https:\/\/www.laserrasportwellness.com\/wp-content\/uploads\/2025\/10\/DSC02546-701x1024.jpg 701w, https:\/\/www.laserrasportwellness.com\/wp-content\/uploads\/2025\/10\/DSC02546-768x1122.jpg 768w, https:\/\/www.laserrasportwellness.com\/wp-content\/uploads\/2025\/10\/DSC02546-1052x1536.jpg 1052w, https:\/\/www.laserrasportwellness.com\/wp-content\/uploads\/2025\/10\/DSC02546-1402x2048.jpg 1402w, https:\/\/www.laserrasportwellness.com\/wp-content\/uploads\/2025\/10\/DSC02546-892x1303.jpg 892w, https:\/\/www.laserrasportwellness.com\/wp-content\/uploads\/2025\/10\/DSC02546-1350x1972.jpg 1350w\" sizes=\"(max-width: 1753px) 100vw, 1753px\" \/><figcaption class=\"wp-block-getwid-images-slider__caption\">Aesthetic<\/figcaption><\/figure><\/div><div class=\"wp-block-getwid-images-slider__item\"><figure><img loading=\"lazy\" decoding=\"async\" width=\"1707\" height=\"2560\" src=\"https:\/\/www.laserrasportwellness.com\/wp-content\/uploads\/2025\/10\/DSC02764-1-scaled.jpg\" data-id=\"4365\" data-link=\"https:\/\/www.laserrasportwellness.com\/apats-a-la-serra\/attachment\/dsc02764-1\/\" data-original-link=\"https:\/\/www.laserrasportwellness.com\/wp-content\/uploads\/2025\/10\/DSC02764-1-scaled.jpg\" class=\"wp-block-getwid-images-slider__image wp-image-4365\" srcset=\"https:\/\/www.laserrasportwellness.com\/wp-content\/uploads\/2025\/10\/DSC02764-1-scaled.jpg 1707w, https:\/\/www.laserrasportwellness.com\/wp-content\/uploads\/2025\/10\/DSC02764-1-200x300.jpg 200w, https:\/\/www.laserrasportwellness.com\/wp-content\/uploads\/2025\/10\/DSC02764-1-683x1024.jpg 683w, https:\/\/www.laserrasportwellness.com\/wp-content\/uploads\/2025\/10\/DSC02764-1-768x1152.jpg 768w, https:\/\/www.laserrasportwellness.com\/wp-content\/uploads\/2025\/10\/DSC02764-1-1024x1536.jpg 1024w, https:\/\/www.laserrasportwellness.com\/wp-content\/uploads\/2025\/10\/DSC02764-1-1365x2048.jpg 1365w, https:\/\/www.laserrasportwellness.com\/wp-content\/uploads\/2025\/10\/DSC02764-1-892x1338.jpg 892w, https:\/\/www.laserrasportwellness.com\/wp-content\/uploads\/2025\/10\/DSC02764-1-1350x2025.jpg 1350w\" sizes=\"(max-width: 1707px) 100vw, 1707px\" \/><figcaption class=\"wp-block-getwid-images-slider__caption\">Saludable <\/figcaption><\/figure><\/div><div class=\"wp-block-getwid-images-slider__item\"><figure><img loading=\"lazy\" decoding=\"async\" width=\"2560\" height=\"1691\" src=\"https:\/\/www.laserrasportwellness.com\/wp-content\/uploads\/2025\/10\/DSC02749-1-scaled.jpg\" data-id=\"4369\" data-link=\"https:\/\/www.laserrasportwellness.com\/apats-a-la-serra\/attachment\/dsc02749-1\/\" data-original-link=\"https:\/\/www.laserrasportwellness.com\/wp-content\/uploads\/2025\/10\/DSC02749-1-scaled.jpg\" class=\"wp-block-getwid-images-slider__image wp-image-4369\" srcset=\"https:\/\/www.laserrasportwellness.com\/wp-content\/uploads\/2025\/10\/DSC02749-1-scaled.jpg 2560w, https:\/\/www.laserrasportwellness.com\/wp-content\/uploads\/2025\/10\/DSC02749-1-300x198.jpg 300w, https:\/\/www.laserrasportwellness.com\/wp-content\/uploads\/2025\/10\/DSC02749-1-1024x676.jpg 1024w, https:\/\/www.laserrasportwellness.com\/wp-content\/uploads\/2025\/10\/DSC02749-1-768x507.jpg 768w, https:\/\/www.laserrasportwellness.com\/wp-content\/uploads\/2025\/10\/DSC02749-1-1536x1014.jpg 1536w, https:\/\/www.laserrasportwellness.com\/wp-content\/uploads\/2025\/10\/DSC02749-1-2048x1353.jpg 2048w, https:\/\/www.laserrasportwellness.com\/wp-content\/uploads\/2025\/10\/DSC02749-1-892x589.jpg 892w, https:\/\/www.laserrasportwellness.com\/wp-content\/uploads\/2025\/10\/DSC02749-1-1350x892.jpg 1350w\" sizes=\"(max-width: 2560px) 100vw, 2560px\" \/><figcaption class=\"wp-block-getwid-images-slider__caption\">Esmorzars de km.0<\/figcaption><\/figure><\/div><div class=\"wp-block-getwid-images-slider__item\"><figure><img loading=\"lazy\" decoding=\"async\" width=\"2560\" height=\"1707\" src=\"https:\/\/www.laserrasportwellness.com\/wp-content\/uploads\/2025\/10\/DSC02735-scaled.jpg\" data-id=\"4373\" data-link=\"https:\/\/www.laserrasportwellness.com\/apats-a-la-serra\/attachment\/dsc02735\/\" data-original-link=\"https:\/\/www.laserrasportwellness.com\/wp-content\/uploads\/2025\/10\/DSC02735-scaled.jpg\" class=\"wp-block-getwid-images-slider__image wp-image-4373\" srcset=\"https:\/\/www.laserrasportwellness.com\/wp-content\/uploads\/2025\/10\/DSC02735-scaled.jpg 2560w, https:\/\/www.laserrasportwellness.com\/wp-content\/uploads\/2025\/10\/DSC02735-300x200.jpg 300w, https:\/\/www.laserrasportwellness.com\/wp-content\/uploads\/2025\/10\/DSC02735-1024x683.jpg 1024w, https:\/\/www.laserrasportwellness.com\/wp-content\/uploads\/2025\/10\/DSC02735-768x512.jpg 768w, https:\/\/www.laserrasportwellness.com\/wp-content\/uploads\/2025\/10\/DSC02735-1536x1024.jpg 1536w, https:\/\/www.laserrasportwellness.com\/wp-content\/uploads\/2025\/10\/DSC02735-2048x1365.jpg 2048w, https:\/\/www.laserrasportwellness.com\/wp-content\/uploads\/2025\/10\/DSC02735-892x595.jpg 892w, https:\/\/www.laserrasportwellness.com\/wp-content\/uploads\/2025\/10\/DSC02735-1350x900.jpg 1350w\" sizes=\"(max-width: 2560px) 100vw, 2560px\" \/><figcaption class=\"wp-block-getwid-images-slider__caption\">Organic<\/figcaption><\/figure><\/div><div class=\"wp-block-getwid-images-slider__item\"><figure><img loading=\"lazy\" decoding=\"async\" width=\"2560\" height=\"1707\" src=\"https:\/\/www.laserrasportwellness.com\/wp-content\/uploads\/2025\/10\/DSC02725-scaled.jpg\" data-id=\"4377\" data-link=\"https:\/\/www.laserrasportwellness.com\/apats-a-la-serra\/attachment\/dsc02725\/\" data-original-link=\"https:\/\/www.laserrasportwellness.com\/wp-content\/uploads\/2025\/10\/DSC02725-scaled.jpg\" class=\"wp-block-getwid-images-slider__image wp-image-4377\" srcset=\"https:\/\/www.laserrasportwellness.com\/wp-content\/uploads\/2025\/10\/DSC02725-scaled.jpg 2560w, https:\/\/www.laserrasportwellness.com\/wp-content\/uploads\/2025\/10\/DSC02725-300x200.jpg 300w, https:\/\/www.laserrasportwellness.com\/wp-content\/uploads\/2025\/10\/DSC02725-1024x683.jpg 1024w, https:\/\/www.laserrasportwellness.com\/wp-content\/uploads\/2025\/10\/DSC02725-768x512.jpg 768w, https:\/\/www.laserrasportwellness.com\/wp-content\/uploads\/2025\/10\/DSC02725-1536x1024.jpg 1536w, https:\/\/www.laserrasportwellness.com\/wp-content\/uploads\/2025\/10\/DSC02725-2048x1365.jpg 2048w, https:\/\/www.laserrasportwellness.com\/wp-content\/uploads\/2025\/10\/DSC02725-892x595.jpg 892w, https:\/\/www.laserrasportwellness.com\/wp-content\/uploads\/2025\/10\/DSC02725-1350x900.jpg 1350w\" sizes=\"(max-width: 2560px) 100vw, 2560px\" \/><figcaption class=\"wp-block-getwid-images-slider__caption\">Fet a casa<\/figcaption><\/figure><\/div><\/div><\/div>\n<\/div>\n\n\n\n<div class=\"wp-block-column is-vertically-aligned-center ordre-1 is-layout-flow wp-block-column-is-layout-flow\" style=\"flex-basis:50%\">\n<h2 class=\"wp-block-heading capcalera-ubicacio\"><strong>Desayunos de casa&nbsp;<\/strong><\/h2>\n\n\n\n<p>El desayuno siempre est\u00e1 incluido en la reserva.<\/p>\n\n\n\n<p>Es el desayuno de nuestra casa, servido en formato buffet con productos locales y de temporada que seleccionamos en los pueblos de los alrededores: pan reci\u00e9n hecho, embutidos de la zona, fruta fresca, pasteles caseros, mermeladas artesanales y, cuando toca, huevos de las gallinas del pueblo. Org\u00e1nico, sostenible, local y natural.<\/p>\n\n\n\n<p>Cada ma\u00f1ana es un peque\u00f1o descubrimiento de los sabores y la tradici\u00f3n local, pensado para que empieces el d\u00eda con energ\u00eda y placer.<\/p>\n\n\n\n<p>*Es imprescindible informar de cualquier intolerancia o alergia con antelaci\u00f3n para poder adaptar la oferta a tus necesidades.<\/p>\n<\/div>\n<\/div>\n\n\n\n<div style=\"height:80px\" aria-hidden=\"true\" class=\"wp-block-spacer\"><\/div>\n\n\n\n<div class=\"wp-block-columns is-layout-flex wp-container-core-columns-is-layout-2 wp-block-columns-is-layout-flex\">\n<div class=\"wp-block-column is-vertically-aligned-center ordre-1 is-layout-flow wp-block-column-is-layout-flow\" style=\"flex-basis:50%\">\n<h2 class=\"wp-block-heading capcalera-ubicacio\"><strong>Cenas con el sello de Sant Maurici&nbsp;<\/strong><\/h2>\n\n\n\n<h3 class=\"wp-block-heading\">Requiere reserva previa<\/h3>\n\n\n\n<p>El Bergued\u00e0 y el Llu\u00e7an\u00e8s ofrecen una gran variedad de restaurantes, reconocidos por su calidad y diversidad. Aun as\u00ed, para facilitar una opci\u00f3n c\u00f3moda a nuestros hu\u00e9spedes y garantizar cenas deliciosas sin tener que desplazarse, hemos establecido una colaboraci\u00f3n con Pep y Maria, del <strong><a href=\"https:\/\/www.instagram.com\/hostalsantmaurici\/?hl=es\" data-type=\"link\" data-id=\"https:\/\/www.instagram.com\/hostalsantmaurici\/?hl=es\">Hostal de Sant Maurici<\/a><\/strong>, uno de nuestros lugares favoritos para comer casero y con coraz\u00f3n.<\/p>\n\n\n\n<p>Los platos, elaborados con ingredientes de proximidad y con todo el cuidado y la pasi\u00f3n que ponen en su cocina, se preparan espec\u00edficamente para cada reserva y se sirven en La Serra. De este modo, los hu\u00e9spedes pueden disfrutar de una cena deliciosa y casera sin perder el ambiente tranquilo y familiar que nos define.<\/p>\n\n\n\n<p>Para asegurar la mejor experiencia, pedimos que las reservas se realicen con una semana de antelaci\u00f3n e indicando el men\u00fa elegido. As\u00ed podemos coordinarnos con Pep y Maria y garantizar que todo llegue fresco y preparado especialmente para ti.<\/p>\n<\/div>\n\n\n\n<div class=\"wp-block-column is-vertically-aligned-center ordre-2 is-layout-flow wp-block-column-is-layout-flow\" style=\"flex-basis:50%\">\n<div class=\"wp-block-getwid-images-slider has-arrows-none has-dots-inside has-images-center has-cropped-images alignwide\"><div class=\"wp-block-getwid-images-slider__wrapper\" data-effect=\"slide\" data-slides-show=\"1\" data-slides-show-laptop=\"1\" data-slides-show-tablet=\"1\" data-slides-show-mobile=\"1\" data-slides-scroll=\"1\" data-autoplay=\"true\" data-autoplay-speed=\"6000\" data-infinite=\"true\" data-animation-speed=\"800\" data-center-mode=\"false\" data-variable-width=\"false\" data-arrows=\"none\" data-dots=\"inside\" data-spacing=\"none\"><div class=\"wp-block-getwid-images-slider__item\"><figure><img loading=\"lazy\" decoding=\"async\" width=\"960\" height=\"1280\" src=\"https:\/\/www.laserrasportwellness.com\/wp-content\/uploads\/2025\/09\/WhatsApp-Image-2025-09-18-at-17.46.55.jpeg\" data-id=\"3923\" data-link=\"https:\/\/www.laserrasportwellness.com\/apats-a-la-serra\/attachment\/whatsapp-image-2025-09-18-at-17-46-55-2\/\" data-original-link=\"https:\/\/www.laserrasportwellness.com\/wp-content\/uploads\/2025\/09\/WhatsApp-Image-2025-09-18-at-17.46.55.jpeg\" class=\"wp-block-getwid-images-slider__image wp-image-3923\" srcset=\"https:\/\/www.laserrasportwellness.com\/wp-content\/uploads\/2025\/09\/WhatsApp-Image-2025-09-18-at-17.46.55.jpeg 960w, https:\/\/www.laserrasportwellness.com\/wp-content\/uploads\/2025\/09\/WhatsApp-Image-2025-09-18-at-17.46.55-225x300.jpeg 225w, https:\/\/www.laserrasportwellness.com\/wp-content\/uploads\/2025\/09\/WhatsApp-Image-2025-09-18-at-17.46.55-768x1024.jpeg 768w, https:\/\/www.laserrasportwellness.com\/wp-content\/uploads\/2025\/09\/WhatsApp-Image-2025-09-18-at-17.46.55-892x1189.jpeg 892w\" sizes=\"(max-width: 960px) 100vw, 960px\" \/><\/figure><\/div><div class=\"wp-block-getwid-images-slider__item\"><figure><img loading=\"lazy\" decoding=\"async\" width=\"960\" height=\"1280\" src=\"https:\/\/www.laserrasportwellness.com\/wp-content\/uploads\/2025\/09\/WhatsApp-Image-2025-09-18-at-17.46.42.jpeg\" data-id=\"3919\" data-link=\"https:\/\/www.laserrasportwellness.com\/apats-a-la-serra\/attachment\/whatsapp-image-2025-09-18-at-17-46-42-2\/\" data-original-link=\"https:\/\/www.laserrasportwellness.com\/wp-content\/uploads\/2025\/09\/WhatsApp-Image-2025-09-18-at-17.46.42.jpeg\" class=\"wp-block-getwid-images-slider__image wp-image-3919\" srcset=\"https:\/\/www.laserrasportwellness.com\/wp-content\/uploads\/2025\/09\/WhatsApp-Image-2025-09-18-at-17.46.42.jpeg 960w, https:\/\/www.laserrasportwellness.com\/wp-content\/uploads\/2025\/09\/WhatsApp-Image-2025-09-18-at-17.46.42-225x300.jpeg 225w, https:\/\/www.laserrasportwellness.com\/wp-content\/uploads\/2025\/09\/WhatsApp-Image-2025-09-18-at-17.46.42-768x1024.jpeg 768w, https:\/\/www.laserrasportwellness.com\/wp-content\/uploads\/2025\/09\/WhatsApp-Image-2025-09-18-at-17.46.42-892x1189.jpeg 892w\" sizes=\"(max-width: 960px) 100vw, 960px\" \/><\/figure><\/div><div class=\"wp-block-getwid-images-slider__item\"><figure><img loading=\"lazy\" decoding=\"async\" width=\"960\" height=\"1280\" src=\"https:\/\/www.laserrasportwellness.com\/wp-content\/uploads\/2025\/09\/WhatsApp-Image-2025-09-18-at-17.46.28.jpeg\" data-id=\"3915\" data-link=\"https:\/\/www.laserrasportwellness.com\/apats-a-la-serra\/attachment\/whatsapp-image-2025-09-18-at-17-46-28-2\/\" data-original-link=\"https:\/\/www.laserrasportwellness.com\/wp-content\/uploads\/2025\/09\/WhatsApp-Image-2025-09-18-at-17.46.28.jpeg\" class=\"wp-block-getwid-images-slider__image wp-image-3915\" srcset=\"https:\/\/www.laserrasportwellness.com\/wp-content\/uploads\/2025\/09\/WhatsApp-Image-2025-09-18-at-17.46.28.jpeg 960w, https:\/\/www.laserrasportwellness.com\/wp-content\/uploads\/2025\/09\/WhatsApp-Image-2025-09-18-at-17.46.28-225x300.jpeg 225w, https:\/\/www.laserrasportwellness.com\/wp-content\/uploads\/2025\/09\/WhatsApp-Image-2025-09-18-at-17.46.28-768x1024.jpeg 768w, https:\/\/www.laserrasportwellness.com\/wp-content\/uploads\/2025\/09\/WhatsApp-Image-2025-09-18-at-17.46.28-892x1189.jpeg 892w\" sizes=\"(max-width: 960px) 100vw, 960px\" \/><\/figure><\/div><\/div><\/div>\n<\/div>\n<\/div>\n\n\n\n<div style=\"height:80px\" aria-hidden=\"true\" class=\"wp-block-spacer\"><\/div>\n\n\n\n<div class=\"wp-block-columns is-layout-flex wp-container-core-columns-is-layout-3 wp-block-columns-is-layout-flex\">\n<div class=\"wp-block-column is-vertically-aligned-center ordre-2 is-layout-flow wp-block-column-is-layout-flow\" style=\"flex-basis:50%\">\n<div class=\"wp-block-getwid-images-slider has-arrows-none has-dots-inside has-images-center has-cropped-images alignwide\"><div class=\"wp-block-getwid-images-slider__wrapper\" data-effect=\"slide\" data-slides-show=\"1\" data-slides-show-laptop=\"1\" data-slides-show-tablet=\"1\" data-slides-show-mobile=\"1\" data-slides-scroll=\"1\" data-autoplay=\"true\" data-autoplay-speed=\"6000\" data-infinite=\"true\" data-animation-speed=\"800\" data-center-mode=\"false\" data-variable-width=\"false\" data-arrows=\"none\" data-dots=\"inside\" data-spacing=\"none\"><div class=\"wp-block-getwid-images-slider__item\"><figure><img loading=\"lazy\" decoding=\"async\" width=\"1737\" height=\"2560\" src=\"https:\/\/www.laserrasportwellness.com\/wp-content\/uploads\/2025\/10\/DSC02743-scaled.jpg\" data-id=\"4387\" data-link=\"https:\/\/www.laserrasportwellness.com\/apats-a-la-serra\/attachment\/dsc02743\/\" data-original-link=\"https:\/\/www.laserrasportwellness.com\/wp-content\/uploads\/2025\/10\/DSC02743-scaled.jpg\" class=\"wp-block-getwid-images-slider__image wp-image-4387\" srcset=\"https:\/\/www.laserrasportwellness.com\/wp-content\/uploads\/2025\/10\/DSC02743-scaled.jpg 1737w, https:\/\/www.laserrasportwellness.com\/wp-content\/uploads\/2025\/10\/DSC02743-204x300.jpg 204w, https:\/\/www.laserrasportwellness.com\/wp-content\/uploads\/2025\/10\/DSC02743-695x1024.jpg 695w, https:\/\/www.laserrasportwellness.com\/wp-content\/uploads\/2025\/10\/DSC02743-768x1132.jpg 768w, https:\/\/www.laserrasportwellness.com\/wp-content\/uploads\/2025\/10\/DSC02743-1042x1536.jpg 1042w, https:\/\/www.laserrasportwellness.com\/wp-content\/uploads\/2025\/10\/DSC02743-1389x2048.jpg 1389w, https:\/\/www.laserrasportwellness.com\/wp-content\/uploads\/2025\/10\/DSC02743-892x1315.jpg 892w, https:\/\/www.laserrasportwellness.com\/wp-content\/uploads\/2025\/10\/DSC02743-1350x1990.jpg 1350w\" sizes=\"(max-width: 1737px) 100vw, 1737px\" \/><\/figure><\/div><\/div><\/div>\n<\/div>\n\n\n\n<div class=\"wp-block-column is-vertically-aligned-center ordre-1 is-layout-flow wp-block-column-is-layout-flow\" style=\"flex-basis:50%\">\n<h2 class=\"wp-block-heading capcalera-ubicacio\"><strong>Experiencias<\/strong><\/h2>\n\n\n\n<p>Para nuestras experiencias \u2014ya sean deportivas, de bienestar, creativas o estancias en grupo\u2014 colaboramos con diferentes profesionales y cocinas del territorio. Esto nos permite adaptarnos a cada grupo y a cada necesidad: comidas ligeras, cenas elaboradas, propuestas vegetarianas, men\u00fas para deportistas, degustaciones locales o c\u00e1terings espec\u00edficos.<\/p>\n\n\n\n<p>Trabajamos cada propuesta con criterio y con un est\u00e1ndar de calidad constante, manteniendo siempre la coherencia con la casa y con los valores de La Serra: producto de proximidad, respeto por el territorio y cocinas que explican de d\u00f3nde venimos.<\/p>\n\n\n\n<p>Las experiencias gastron\u00f3micas pueden integrarse de muchas maneras: como parte de una actividad, como una comida especial, como una degustaci\u00f3n o como un momento de pausa entre sesiones de trabajo o movimiento. Cada men\u00fa se dise\u00f1a seg\u00fan el ritmo del grupo, el tipo de estancia y aquello que se quiere vivir en la casa.<\/p>\n\n\n\n<div class=\"wp-block-buttons is-layout-flex wp-block-buttons-is-layout-flex\">\n<div class=\"wp-block-button\"><a class=\"wp-block-button__link wp-element-button\" href=\"https:\/\/www.laserrasportwellness.com\/es\/contacte\/\">\u00bfM\u00e1s informaci\u00f3n? \u00a1Cont\u00e1ctanos!<\/a><\/div>\n<\/div>\n<\/div>\n<\/div>\n<\/div><\/div><\/div><\/div><\/div>\n\n\n\n<div style=\"height:40px\" aria-hidden=\"true\" class=\"wp-block-spacer\"><\/div>\n<\/div><\/div><\/div><\/div><\/div>\n\n\n\n<h2 class=\"wp-block-heading has-text-align-left\"><strong>FAQ \u2013 Preguntas frecuentes<\/strong><\/h2>\n\n\n\n<div style=\"height:11px\" aria-hidden=\"true\" class=\"wp-block-spacer\"><\/div>\n\n\n\n<div class=\"wp-block-columns is-layout-flex wp-container-core-columns-is-layout-4 wp-block-columns-is-layout-flex\">\n<div class=\"wp-block-column is-layout-flow wp-block-column-is-layout-flow\">\n<div class=\"wp-block-getwid-accordion has-icon-left\" data-active-element=\"none\">\n<div class=\"wp-block-getwid-accordion__header-wrapper\"><span class=\"wp-block-getwid-accordion__header\"><a href=\"#\"><span class=\"wp-block-getwid-accordion__header-title\"><strong>\u00bfEl desayuno est\u00e1 siempre incluido?<\/strong><\/span><span class=\"wp-block-getwid-accordion__icon is-active\"><i class=\"fas fa-plus\"><\/i><\/span><span class=\"wp-block-getwid-accordion__icon is-passive\"><i class=\"fas fa-minus\"><\/i><\/span><\/a><\/span><\/div><div class=\"wp-block-getwid-accordion__content-wrapper\"><div class=\"wp-block-getwid-accordion__content\">\n<p>\u00a1S\u00ed! Cuando reservas una habitaci\u00f3n, el desayuno ya est\u00e1 incluido. Solo tienes que venir con ganas de probar productos locales.<\/p>\n<\/div><\/div>\n\n\n\n<div class=\"wp-block-getwid-accordion__header-wrapper\"><span class=\"wp-block-getwid-accordion__header\"><a href=\"#\"><span class=\"wp-block-getwid-accordion__header-title\"><strong>\u00bfCu\u00e1l es el horario del desayuno?<\/strong><\/span><span class=\"wp-block-getwid-accordion__icon is-active\"><i class=\"fas fa-plus\"><\/i><\/span><span class=\"wp-block-getwid-accordion__icon is-passive\"><i class=\"fas fa-minus\"><\/i><\/span><\/a><\/span><\/div><div class=\"wp-block-getwid-accordion__content-wrapper\"><div class=\"wp-block-getwid-accordion__content\">\n<p>El desayuno se sirve de 07:30h a 09:30h. Siempre que podamos, nos adaptaremos a tus necesidades si nos avisas con antelaci\u00f3n. Adem\u00e1s, ofrecemos el formato pic-nic como alternativa. <\/p>\n<\/div><\/div>\n\n\n\n<div class=\"wp-block-getwid-accordion__header-wrapper\"><span class=\"wp-block-getwid-accordion__header\"><a href=\"#\"><span class=\"wp-block-getwid-accordion__header-title\"><strong>\u00bfSe pueden personalizar las cenas?<\/strong><\/span><span class=\"wp-block-getwid-accordion__icon is-active\"><i class=\"fas fa-plus\"><\/i><\/span><span class=\"wp-block-getwid-accordion__icon is-passive\"><i class=\"fas fa-minus\"><\/i><\/span><\/a><\/span><\/div><div class=\"wp-block-getwid-accordion__content-wrapper\"><div class=\"wp-block-getwid-accordion__content\">\n<p>S\u00ed, siempre que sea posible podemos ajustar los platos seg\u00fan alergias, intolerancias o preferencias. Solo es necesario avisarnos con tiempo.<\/p>\n<\/div><\/div>\n\n\n\n<div class=\"wp-block-getwid-accordion__header-wrapper\"><span class=\"wp-block-getwid-accordion__header\"><a href=\"#\"><span class=\"wp-block-getwid-accordion__header-title\"><strong>\u00bfPor qu\u00e9 hay que confirmar y elegir la cena antes?<\/strong><\/span><span class=\"wp-block-getwid-accordion__icon is-active\"><i class=\"fas fa-plus\"><\/i><\/span><span class=\"wp-block-getwid-accordion__icon is-passive\"><i class=\"fas fa-minus\"><\/i><\/span><\/a><\/span><\/div><div class=\"wp-block-getwid-accordion__content-wrapper\"><div class=\"wp-block-getwid-accordion__content\">\n<p>En La Serra no somos un restaurante, por lo que necesitamos saber con antelaci\u00f3n cu\u00e1ntos comer\u00e1n y qu\u00e9 men\u00fa eligen, para que Pep y Maria puedan prepararlo todo con calma y mantener el ambiente acogedor de la casa.<\/p>\n<\/div><\/div>\n\n\n\n<div class=\"wp-block-getwid-accordion__header-wrapper\"><span class=\"wp-block-getwid-accordion__header\"><a href=\"#\"><span class=\"wp-block-getwid-accordion__header-title\"><strong>\u00bfPodemos cocinar nosotros en la cocina?<\/strong><\/span><span class=\"wp-block-getwid-accordion__icon is-active\"><i class=\"fas fa-plus\"><\/i><\/span><span class=\"wp-block-getwid-accordion__icon is-passive\"><i class=\"fas fa-minus\"><\/i><\/span><\/a><\/span><\/div><div class=\"wp-block-getwid-accordion__content-wrapper\"><div class=\"wp-block-getwid-accordion__content\">\n<p>Si todas las habitaciones de la casa est\u00e1n alquiladas por parte de un mismo grupo, ser\u00e1 posible tener acceso a la cocina. Esta no es nuestra opci\u00f3n habitual as\u00ed que necesitamos hablarlo con antelaci\u00f3n para coordinarlo correctamente. <\/p>\n<\/div><\/div>\n\n\n\n<div class=\"wp-block-getwid-accordion__header-wrapper\"><span class=\"wp-block-getwid-accordion__header\"><a href=\"#\"><span class=\"wp-block-getwid-accordion__header-title\"><strong>\u00bfSe puede contratar un catering para un evento?<\/strong><\/span><span class=\"wp-block-getwid-accordion__icon is-active\"><i class=\"fas fa-plus\"><\/i><\/span><span class=\"wp-block-getwid-accordion__icon is-passive\"><i class=\"fas fa-minus\"><\/i><\/span><\/a><\/span><\/div><div class=\"wp-block-getwid-accordion__content-wrapper\"><div class=\"wp-block-getwid-accordion__content\">\n<p>\u00a1Por supuesto! trabajamos con varios servicios de catering y te ayudaremos a elegir la opci\u00f3n m\u00e1s adecuada seg\u00fan tu evento y n\u00famero de invitados.<\/p>\n<\/div><\/div>\n<\/div>\n<\/div>\n<\/div>\n\n\n\n<h2 class=\"wp-block-heading has-text-align-left\">\u00bfTienes m\u00e1s dudas? \u00a1Escr\u00edbenos y te responderemos enseguida!<strong> <\/strong><\/h2>\n\n\n\n<div style=\"height:30px\" aria-hidden=\"true\" class=\"wp-block-spacer\"><\/div>\n","protected":false},"excerpt":{"rendered":"<p>Desayunos caseros y cenas de proximidad para que te sientas como en casa<\/p>\n","protected":false},"author":1,"featured_media":0,"parent":0,"menu_order":0,"comment_status":"closed","ping_status":"closed","template":"template-wide-page.php","meta":{"inline_featured_image":false,"footnotes":""},"_links":{"self":[{"href":"https:\/\/www.laserrasportwellness.com\/es\/wp-json\/wp\/v2\/pages\/3805"}],"collection":[{"href":"https:\/\/www.laserrasportwellness.com\/es\/wp-json\/wp\/v2\/pages"}],"about":[{"href":"https:\/\/www.laserrasportwellness.com\/es\/wp-json\/wp\/v2\/types\/page"}],"author":[{"embeddable":true,"href":"https:\/\/www.laserrasportwellness.com\/es\/wp-json\/wp\/v2\/users\/1"}],"replies":[{"embeddable":true,"href":"https:\/\/www.laserrasportwellness.com\/es\/wp-json\/wp\/v2\/comments?post=3805"}],"version-history":[{"count":15,"href":"https:\/\/www.laserrasportwellness.com\/es\/wp-json\/wp\/v2\/pages\/3805\/revisions"}],"predecessor-version":[{"id":4777,"href":"https:\/\/www.laserrasportwellness.com\/es\/wp-json\/wp\/v2\/pages\/3805\/revisions\/4777"}],"wp:attachment":[{"href":"https:\/\/www.laserrasportwellness.com\/es\/wp-json\/wp\/v2\/media?parent=3805"}],"curies":[{"name":"wp","href":"https:\/\/api.w.org\/{rel}","templated":true}]}}