{"id":3834,"date":"2025-09-17T13:08:53","date_gmt":"2025-09-17T11:08:53","guid":{"rendered":"https:\/\/www.laserrasportwellness.com\/politica-de-privacitat\/"},"modified":"2025-09-30T18:14:00","modified_gmt":"2025-09-30T16:14:00","slug":"politica-de-privacitat","status":"publish","type":"page","link":"https:\/\/www.laserrasportwellness.com\/es\/politica-de-privacitat\/","title":{"rendered":"Pol\u00edtica de Privacidad"},"content":{"rendered":"\n<div style=\"height:50px\" aria-hidden=\"true\" class=\"wp-block-spacer\"><\/div>\n\n\n\n<p>La Serra Sport &amp; Wellness, en adelante RESPONSABLE, es la Responsable del tratamiento de los datos personales de los usuarios que se puedan recoger durante la navegaci\u00f3n a trav\u00e9s del Sitio Web: <a href=\"https:\/\/www.laserrasportwellness.com\/\">https:\/\/www.laserrasportwellness.com\/<\/a>, y le informa que dichos datos ser\u00e1n tratados de conformidad con lo dispuesto en el Reglamento (UE) 2016\/679 de 27 de abril de 2016 (RGPD) relativo a la protecci\u00f3n de las personas f\u00edsicas en lo que respecta al tratamiento de datos personales y a la libre circulaci\u00f3n de estos datos, por lo que se le facilita la siguiente informaci\u00f3n sobre el tratamiento:<\/p>\n\n\n\n<p>El uso de este Sitio Web implica la aceptaci\u00f3n de esta Pol\u00edtica de Privacidad, as\u00ed como de las condiciones incluidas en el Aviso Legal.<\/p>\n\n\n\n<p>En esta Pol\u00edtica de Privacidad describimos c\u00f3mo recogemos sus datos personales y por qu\u00e9 los recogemos, qu\u00e9 hacemos con ellos, con qui\u00e9n los compartimos, c\u00f3mo los protegemos y qu\u00e9 opciones tiene respecto al tratamiento de sus datos personales.<\/p>\n\n\n\n<p>Esta Pol\u00edtica se aplica al tratamiento de sus datos personales recogidos por la empresa para la prestaci\u00f3n de sus servicios. Si acepta las medidas de esta Pol\u00edtica, acepta que tratemos sus datos personales tal y como se define en la misma.<\/p>\n\n\n\n<hr class=\"wp-block-separator has-alpha-channel-opacity\"\/>\n\n\n\n<h2 class=\"wp-block-heading\">Identidad del Responsable<\/h2>\n\n\n\n<ul>\n<li><strong>Responsable:<\/strong> Rosa Romero Font (La Serra Sport &amp; Wellness)<\/li>\n\n\n\n<li><strong>NIF:<\/strong> 33941018X<\/li>\n\n\n\n<li><strong>Domicilio:<\/strong> La Serra de Degollats, 08517 Santa Maria de Merl\u00e8s, Barcelona \u2013 Espa\u00f1a<\/li>\n\n\n\n<li><strong>Tel\u00e9fono:<\/strong> +34 628 712 638<\/li>\n\n\n\n<li><strong>Correo electr\u00f3nico:<\/strong> <a>info@laserrasportwellness.com<\/a><\/li>\n\n\n\n<li><strong>Sitio Web:<\/strong> <a href=\"https:\/\/www.laserrasportwellness.com\/\">https:\/\/www.laserrasportwellness.com\/<\/a><\/li>\n<\/ul>\n\n\n\n<hr class=\"wp-block-separator has-alpha-channel-opacity\"\/>\n\n\n\n<h2 class=\"wp-block-heading\">Principios aplicados en el tratamiento de datos<\/h2>\n\n\n\n<p>Siempre hemos estado comprometidos a prestar nuestros servicios con el mayor grado de calidad, lo que incluye tratar sus datos con seguridad y transparencia. Nuestros principios son:<\/p>\n\n\n\n<ul>\n<li><strong>Licitud:<\/strong> solo recopilaremos sus datos personales para fines espec\u00edficos, expl\u00edcitos y leg\u00edtimos.<\/li>\n\n\n\n<li><strong>Minimizaci\u00f3n de datos:<\/strong> limitamos la recogida de datos personales a lo estrictamente relevante y necesario para las finalidades para las que se han recopilado.<\/li>\n\n\n\n<li><strong>Limitaci\u00f3n de la finalidad:<\/strong> solo recogeremos sus datos para las finalidades declaradas y \u00fanicamente seg\u00fan sus deseos.<\/li>\n\n\n\n<li><strong>Exactitud:<\/strong> mantendremos sus datos personales exactos y actualizados.<\/li>\n\n\n\n<li><strong>Seguridad de los datos:<\/strong> aplicamos medidas t\u00e9cnicas y organizativas adecuadas y proporcionales a los riesgos para garantizar que sus datos no sufran da\u00f1os (divulgaci\u00f3n o acceso no autorizado, p\u00e9rdida, alteraci\u00f3n, destrucci\u00f3n accidental o il\u00edcita, etc.).<\/li>\n\n\n\n<li><strong>Acceso y rectificaci\u00f3n:<\/strong> disponemos de medios para que pueda acceder o rectificar sus datos cuando lo considere oportuno.<\/li>\n\n\n\n<li><strong>Conservaci\u00f3n:<\/strong> conservamos sus datos de forma legal y apropiada y solo mientras sea necesario para las finalidades para las que se han recogido.<\/li>\n\n\n\n<li><strong>Transferencias internacionales:<\/strong> en caso de que sus datos deban ser transferidos fuera de la UE\/EEE, estar\u00e1n debidamente protegidos.<\/li>\n\n\n\n<li><strong>Terceros:<\/strong> el acceso y la cesi\u00f3n de datos personales a terceros se realizan conforme a las leyes aplicables y con las garant\u00edas contractuales adecuadas.<\/li>\n\n\n\n<li><strong>Marketing directo y cookies:<\/strong> cumplimos con la legislaci\u00f3n aplicable en materia de publicidad y cookies.<\/li>\n<\/ul>\n\n\n\n<hr class=\"wp-block-separator has-alpha-channel-opacity\"\/>\n\n\n\n<h2 class=\"wp-block-heading\">Obtenci\u00f3n de datos personales<\/h2>\n\n\n\n<p>No es necesario facilitar datos personales para navegar por el sitio web. Los casos en los que s\u00ed se pueden recoger son:<\/p>\n\n\n\n<ul>\n<li>Cuando contacte mediante el formulario del sitio web o por correo electr\u00f3nico.<\/li>\n\n\n\n<li>Cuando realice una reserva directa con La Serra Sport &amp; Wellness.<\/li>\n\n\n\n<li>Cuando se suscriba al bolet\u00edn o newsletter.<\/li>\n<\/ul>\n\n\n\n<hr class=\"wp-block-separator has-alpha-channel-opacity\"\/>\n\n\n\n<h2 class=\"wp-block-heading\">Criterios de conservaci\u00f3n de los datos<\/h2>\n\n\n\n<p>Se conservar\u00e1n mientras exista un inter\u00e9s mutuo para mantener la finalidad del tratamiento y, cuando ya no sean necesarios para tal fin, se suprimir\u00e1n con medidas de seguridad adecuadas para garantizar la seudonimizaci\u00f3n o la destrucci\u00f3n total de los mismos.<\/p>\n\n\n\n<hr class=\"wp-block-separator has-alpha-channel-opacity\"\/>\n\n\n\n<h2 class=\"wp-block-heading\">Comunicaci\u00f3n de los datos<\/h2>\n\n\n\n<p>No se comunicar\u00e1n los datos a terceros, salvo obligaci\u00f3n legal.<\/p>\n\n\n\n<hr class=\"wp-block-separator has-alpha-channel-opacity\"\/>\n\n\n\n<h2 class=\"wp-block-heading\">Finalidad del tratamiento de datos personales<\/h2>\n\n\n\n<p>Los datos personales recogidos se utilizan con las siguientes finalidades:<\/p>\n\n\n\n<ul>\n<li><strong>Gesti\u00f3n de reservas y estancias:<\/strong> atender solicitudes, confirmar reservas, tramitar pagos y cumplir con las obligaciones legales de registro de viajeros.<\/li>\n\n\n\n<li><strong>Comunicaci\u00f3n con el cliente:<\/strong> responder consultas y enviar informaci\u00f3n pr\u00e1ctica sobre la estancia.<\/li>\n\n\n\n<li><strong>Colaboradores y servicios externos:<\/strong> en caso de contratar servicios vinculados (p. ej. cenas preparadas en el Hostal de Sant Maurici u otras actividades deportivas), se podr\u00e1n compartir los datos m\u00ednimos necesarios con el colaborador para la correcta gesti\u00f3n del servicio.<\/li>\n\n\n\n<li><strong>Env\u00edo de comunicaciones comerciales publicitarias<\/strong> por correo electr\u00f3nico, fax, SMS, MMS, redes sociales u otros medios electr\u00f3nicos o f\u00edsicos, siempre con consentimiento expreso del interesado y relacionadas con productos y servicios del RESPONSABLE o de sus colaboradores o proveedores con los que exista acuerdo de promoci\u00f3n. En ning\u00fan caso los terceros tendr\u00e1n acceso a los datos personales.<\/li>\n\n\n\n<li><strong>Mejora del sitio web:<\/strong> an\u00e1lisis de navegaci\u00f3n mediante cookies, si el usuario las acepta (ver Pol\u00edtica de Cookies).<\/li>\n\n\n\n<li><strong>Realizaci\u00f3n de estudios estad\u00edsticos.<\/strong><\/li>\n<\/ul>\n\n\n\n<hr class=\"wp-block-separator has-alpha-channel-opacity\"\/>\n\n\n\n<h2 class=\"wp-block-heading\">Derechos<\/h2>\n\n\n\n<p>En relaci\u00f3n con la recogida y tratamiento de sus datos personales, puede ponerse en contacto con nosotros en cualquier momento para:<\/p>\n\n\n\n<ul>\n<li>Acceder a sus datos personales y a la informaci\u00f3n indicada en el art. 15.1 RGPD.<\/li>\n\n\n\n<li>Rectificar sus datos personales inexactos o incompletos (art. 16 RGPD).<\/li>\n\n\n\n<li>Suprimir sus datos personales (art. 17 RGPD).<\/li>\n\n\n\n<li>Limitar el tratamiento de sus datos personales (art. 18 RGPD).<\/li>\n\n\n\n<li>Solicitar la portabilidad de sus datos (art. 20 RGPD).<\/li>\n\n\n\n<li>Oponerse al tratamiento de sus datos personales (art. 21 RGPD).<\/li>\n<\/ul>\n\n\n\n<p>Si ha otorgado su consentimiento para alguna finalidad concreta, tiene derecho a retirarlo en cualquier momento, sin que ello afecte a la licitud del tratamiento previo.<\/p>\n\n\n\n<p>Puede ejercer estos derechos enviando una comunicaci\u00f3n motivada y acreditada a: <strong><a>info@laserrasportwellness.com<\/a><\/strong>.<\/p>\n\n\n\n<p>Tambi\u00e9n tiene derecho a presentar una reclamaci\u00f3n ante la Autoridad de Control competente (<a href=\"https:\/\/www.aepd.es\">www.aepd.es<\/a>) si considera que el tratamiento no se ajusta a la normativa vigente.<\/p>\n\n\n\n<hr class=\"wp-block-separator has-alpha-channel-opacity\"\/>\n\n\n\n<h2 class=\"wp-block-heading\">Destinatarios de datos<\/h2>\n\n\n\n<ul>\n<li><strong>Colaboradores locales:<\/strong> solo en caso de contratar servicios vinculados a la estancia (cenas, transporte, gu\u00edas, actividades, etc.), compartiendo \u00fanicamente los datos imprescindibles para la correcta prestaci\u00f3n del servicio.<\/li>\n\n\n\n<li><strong>Servicios de an\u00e1lisis y cookies:<\/strong> en caso de utilizaci\u00f3n (ej. Google Analytics), siempre informados en la Pol\u00edtica de Cookies.<br>En ning\u00fan caso se ceder\u00e1n datos a terceros sin consentimiento previo, salvo obligaci\u00f3n legal.<\/li>\n<\/ul>\n\n\n\n<hr class=\"wp-block-separator has-alpha-channel-opacity\"\/>\n\n\n\n<h2 class=\"wp-block-heading\">Seguridad de los datos personales<\/h2>\n\n\n\n<p>De acuerdo con las normativas vigentes en materia de protecci\u00f3n de datos personales, el RESPONSABLE cumple con todas las disposiciones del RGPD en el tratamiento de los datos bajo su responsabilidad, y especialmente con los principios del art. 5 RGPD: datos tratados de forma l\u00edcita, leal y transparente; adecuados, pertinentes y limitados a lo necesario.<\/p>\n\n\n\n<p>El RESPONSABLE garantiza que ha implementado pol\u00edticas t\u00e9cnicas y organizativas apropiadas para aplicar medidas de seguridad que protejan los derechos y libertades de los Usuarios, y que les ha comunicado la informaci\u00f3n adecuada para que puedan ejercerlos.<\/p>\n\n\n\n<hr class=\"wp-block-separator has-alpha-channel-opacity\"\/>\n\n\n\n<h2 class=\"wp-block-heading\">Exactitud y veracidad de los datos<\/h2>\n\n\n\n<p>El Usuario se compromete a que los datos facilitados sean correctos, completos y actualizados. El Responsable queda exonerado de cualquier responsabilidad si los datos facilitados son falsos, incompletos o no est\u00e1n actualizados.<\/p>\n\n\n\n<hr class=\"wp-block-separator has-alpha-channel-opacity\"\/>\n\n\n\n<h2 class=\"wp-block-heading\">Aceptaci\u00f3n y consentimiento<\/h2>\n\n\n\n<p>El Usuario declara haber sido informado de las condiciones sobre protecci\u00f3n de datos personales, aceptando y consintiendo el tratamiento de los mismos en la forma y para las finalidades indicadas en esta Pol\u00edtica de Privacidad.<\/p>\n\n\n\n<hr class=\"wp-block-separator has-alpha-channel-opacity\"\/>\n\n\n\n<h2 class=\"wp-block-heading\">Informaci\u00f3n legal<\/h2>\n\n\n\n<p>Los requisitos de esta Pol\u00edtica complementan, y no sustituyen, cualquier otro requisito existente bajo la legislaci\u00f3n aplicable en materia de protecci\u00f3n de datos, que prevalecer\u00e1 en todo caso.<\/p>\n\n\n\n<p>Esta Pol\u00edtica est\u00e1 sujeta a revisiones peri\u00f3dicas y la empresa puede modificarla en cualquier momento.<\/p>\n\n\n\n<div style=\"height:30px\" aria-hidden=\"true\" class=\"wp-block-spacer\"><\/div>\n\n\n\n<div class=\"wp-block-columns is-layout-flex wp-container-core-columns-is-layout-1 wp-block-columns-is-layout-flex\"><\/div>\n\n\n\n<p><\/p>\n","protected":false},"excerpt":{"rendered":"<p>La Serra Sport &amp; Wellness, en adelante RESPONSABLE, es la Responsable del tratamiento de los datos personales de los usuarios que se puedan recoger durante la navegaci\u00f3n a trav\u00e9s del Sitio Web: https:\/\/www.laserrasportwellness.com\/, y le informa que dichos datos ser\u00e1n tratados de conformidad con lo dispuesto en el Reglamento (UE) 2016\/679 de 27 de abril [&hellip;]<\/p>\n","protected":false},"author":1,"featured_media":0,"parent":0,"menu_order":0,"comment_status":"closed","ping_status":"closed","template":"template-wide-page.php","meta":{"inline_featured_image":false,"footnotes":""},"_links":{"self":[{"href":"https:\/\/www.laserrasportwellness.com\/es\/wp-json\/wp\/v2\/pages\/3834"}],"collection":[{"href":"https:\/\/www.laserrasportwellness.com\/es\/wp-json\/wp\/v2\/pages"}],"about":[{"href":"https:\/\/www.laserrasportwellness.com\/es\/wp-json\/wp\/v2\/types\/page"}],"author":[{"embeddable":true,"href":"https:\/\/www.laserrasportwellness.com\/es\/wp-json\/wp\/v2\/users\/1"}],"replies":[{"embeddable":true,"href":"https:\/\/www.laserrasportwellness.com\/es\/wp-json\/wp\/v2\/comments?post=3834"}],"version-history":[{"count":3,"href":"https:\/\/www.laserrasportwellness.com\/es\/wp-json\/wp\/v2\/pages\/3834\/revisions"}],"predecessor-version":[{"id":4225,"href":"https:\/\/www.laserrasportwellness.com\/es\/wp-json\/wp\/v2\/pages\/3834\/revisions\/4225"}],"wp:attachment":[{"href":"https:\/\/www.laserrasportwellness.com\/es\/wp-json\/wp\/v2\/media?parent=3834"}],"curies":[{"name":"wp","href":"https:\/\/api.w.org\/{rel}","templated":true}]}}