{"id":4312,"date":"2019-08-20T11:29:12","date_gmt":"2019-08-20T09:29:12","guid":{"rendered":"https:\/\/www.laserrasportwellness.com\/sport-and-wellness\/"},"modified":"2026-02-04T10:50:53","modified_gmt":"2026-02-04T09:50:53","slug":"sport-and-wellness","status":"publish","type":"page","link":"https:\/\/www.laserrasportwellness.com\/es\/sport-and-wellness\/","title":{"rendered":"Experiencias Sport &amp; Wellness"},"content":{"rendered":"\n<p>En La Serra Sport &amp; Wellness, las experiencias son el centro del proyecto. La casa, el entorno y la manera de llegar y respirar aqu\u00ed ya forman parte de la experiencia: una mas\u00eda del siglo XVII en un paisaje aut\u00e9ntico, cuidada con criterio y respetando su origen.<\/p>\n\n\n\n<p>Dise\u00f1amos estancias personalizadas para personas, grupos y empresas que buscan un entorno premium, discreto y coherente. Somos un espacio especializado en movimiento y bienestar, y dentro del movimiento, el ciclismo es un pilar natural: forma parte de nuestro origen y del territorio que nos rodea. Para nosotros, Sport &amp; Wellness no es una lista de programas ni de servicios cerrados, sino una manera de entender el movimiento y el bienestar dentro de una estancia.<\/p>\n\n\n\n<div style=\"height:100px\" aria-hidden=\"true\" class=\"wp-block-spacer\"><\/div>\n\n\n\n<div class=\"wp-block-columns is-layout-flex wp-container-core-columns-is-layout-1 wp-block-columns-is-layout-flex\">\n<div class=\"wp-block-column is-vertically-aligned-center is-layout-flow wp-block-column-is-layout-flow\">\n<p class=\"capcalera-ubicacio\" style=\"font-size:20px\"><strong>Ciclismo<\/strong><\/p>\n\n\n\n<p>En La Serra Sport &amp; Wellness, el ciclismo forma parte de nuestra manera de entender el movimiento y es uno de los ejes principales de nuestras experiencias.<\/p>\n\n\n\n<p>Estamos en un territorio excepcional para el ciclismo: El Bergued\u00e0 es un para\u00edso de puertos de monta\u00f1a, carreteras que conectan valles y altiplanos, y una cultura ciclista profundamente arraigada. El Llu\u00e7an\u00e8s ofrece carreteras rurales tranquilas, un paisaje abierto y un ritmo sereno que convierte cada salida en un placer.<\/p>\n\n\n\n<p>La casa ha sido reformada pensando en ciclistas: espacios pr\u00e1cticos, zonas para material y accesos c\u00f3modos. Contamos con una red de profesionales y colaboradores del territorio que aportan valor y conocimiento a cada estancia.<\/p>\n\n\n\n<p>Pero el ciclismo no es la \u00fanica manera de vivir el movimiento en La Serra: el entorno tambi\u00e9n invita al senderismo, a actividades de aventura y a conectar con la naturaleza a otros ritmos.<\/p>\n\n\n\n<div class=\"wp-block-buttons is-layout-flex wp-block-buttons-is-layout-flex\">\n<div class=\"wp-block-button\"><a class=\"wp-block-button__link wp-element-button\" href=\"https:\/\/www.laserrasportwellness.com\/es\/contacte\/\">\u00bfHablamos?<\/a><\/div>\n<\/div>\n<\/div>\n\n\n\n<div class=\"wp-block-column is-layout-flow wp-block-column-is-layout-flow\">\n<div class=\"wp-block-getwid-images-slider has-arrows-inside has-dots-inside has-images-center has-cropped-images alignwide\"><div class=\"wp-block-getwid-images-slider__wrapper\" data-effect=\"slide\" data-slides-show=\"1\" data-slides-show-laptop=\"1\" data-slides-show-tablet=\"1\" data-slides-show-mobile=\"1\" data-slides-scroll=\"1\" data-autoplay=\"false\" data-autoplay-speed=\"6000\" data-infinite=\"true\" data-animation-speed=\"800\" data-center-mode=\"false\" data-variable-width=\"false\" data-arrows=\"inside\" data-dots=\"inside\" data-spacing=\"none\"><div class=\"wp-block-getwid-images-slider__item\"><figure><img loading=\"lazy\" decoding=\"async\" width=\"892\" height=\"892\" src=\"https:\/\/www.laserrasportwellness.com\/wp-content\/uploads\/2026\/02\/La-Serra-17-892x892.jpg\" alt=\"\" data-id=\"4691\" data-link=\"https:\/\/www.laserrasportwellness.com\/es\/sport-and-wellness\/attachment\/la-serra-17-2\/\" data-original-link=\"https:\/\/www.laserrasportwellness.com\/wp-content\/uploads\/2026\/02\/La-Serra-17-scaled.jpg\" class=\"wp-block-getwid-images-slider__image wp-image-4691\" srcset=\"https:\/\/www.laserrasportwellness.com\/wp-content\/uploads\/2026\/02\/La-Serra-17-892x892.jpg 892w, https:\/\/www.laserrasportwellness.com\/wp-content\/uploads\/2026\/02\/La-Serra-17-150x150.jpg 150w\" sizes=\"(max-width: 892px) 100vw, 892px\" \/><\/figure><\/div><div class=\"wp-block-getwid-images-slider__item\"><figure><img loading=\"lazy\" decoding=\"async\" width=\"892\" height=\"892\" src=\"https:\/\/www.laserrasportwellness.com\/wp-content\/uploads\/2026\/02\/La-Serra-60-892x892.jpg\" alt=\"\" data-id=\"4687\" data-link=\"https:\/\/www.laserrasportwellness.com\/es\/sport-and-wellness\/attachment\/la-serra-60-2-2\/\" data-original-link=\"https:\/\/www.laserrasportwellness.com\/wp-content\/uploads\/2026\/02\/La-Serra-60-scaled.jpg\" class=\"wp-block-getwid-images-slider__image wp-image-4687\" srcset=\"https:\/\/www.laserrasportwellness.com\/wp-content\/uploads\/2026\/02\/La-Serra-60-892x892.jpg 892w, https:\/\/www.laserrasportwellness.com\/wp-content\/uploads\/2026\/02\/La-Serra-60-150x150.jpg 150w\" sizes=\"(max-width: 892px) 100vw, 892px\" \/><\/figure><\/div><div class=\"wp-block-getwid-images-slider__item\"><figure><img loading=\"lazy\" decoding=\"async\" width=\"892\" height=\"892\" src=\"https:\/\/www.laserrasportwellness.com\/wp-content\/uploads\/2026\/02\/La-Serra-68-892x892.jpg\" alt=\"\" data-id=\"4683\" data-link=\"https:\/\/www.laserrasportwellness.com\/es\/sport-and-wellness\/attachment\/la-serra-68-2\/\" data-original-link=\"https:\/\/www.laserrasportwellness.com\/wp-content\/uploads\/2026\/02\/La-Serra-68-scaled.jpg\" class=\"wp-block-getwid-images-slider__image wp-image-4683\" srcset=\"https:\/\/www.laserrasportwellness.com\/wp-content\/uploads\/2026\/02\/La-Serra-68-892x892.jpg 892w, https:\/\/www.laserrasportwellness.com\/wp-content\/uploads\/2026\/02\/La-Serra-68-150x150.jpg 150w\" sizes=\"(max-width: 892px) 100vw, 892px\" \/><\/figure><\/div><div class=\"wp-block-getwid-images-slider__item\"><figure><img loading=\"lazy\" decoding=\"async\" width=\"892\" height=\"892\" src=\"https:\/\/www.laserrasportwellness.com\/wp-content\/uploads\/2025\/09\/La-Serra-95-892x892.jpg\" alt=\"\" data-id=\"3984\" data-link=\"https:\/\/www.laserrasportwellness.com\/es\/sport-and-wellness\/attachment\/la-serra-95-2\/\" data-original-link=\"https:\/\/www.laserrasportwellness.com\/wp-content\/uploads\/2025\/09\/La-Serra-95-scaled.jpg\" class=\"wp-block-getwid-images-slider__image wp-image-3984\" srcset=\"https:\/\/www.laserrasportwellness.com\/wp-content\/uploads\/2025\/09\/La-Serra-95-892x892.jpg 892w, https:\/\/www.laserrasportwellness.com\/wp-content\/uploads\/2025\/09\/La-Serra-95-150x150.jpg 150w\" sizes=\"(max-width: 892px) 100vw, 892px\" \/><\/figure><\/div><div class=\"wp-block-getwid-images-slider__item\"><figure><img loading=\"lazy\" decoding=\"async\" width=\"892\" height=\"892\" src=\"https:\/\/www.laserrasportwellness.com\/wp-content\/uploads\/2025\/09\/Verds-02-892x892.jpg\" alt=\"\" data-id=\"3968\" data-link=\"https:\/\/www.laserrasportwellness.com\/es\/sport-and-wellness\/attachment\/verds-02-2\/\" data-original-link=\"https:\/\/www.laserrasportwellness.com\/wp-content\/uploads\/2025\/09\/Verds-02-scaled.jpg\" class=\"wp-block-getwid-images-slider__image wp-image-3968\" srcset=\"https:\/\/www.laserrasportwellness.com\/wp-content\/uploads\/2025\/09\/Verds-02-892x892.jpg 892w, https:\/\/www.laserrasportwellness.com\/wp-content\/uploads\/2025\/09\/Verds-02-150x150.jpg 150w\" sizes=\"(max-width: 892px) 100vw, 892px\" \/><\/figure><\/div><\/div><\/div>\n<\/div>\n<\/div>\n\n\n\n<div style=\"height:50px\" aria-hidden=\"true\" class=\"wp-block-spacer\"><\/div>\n\n\n\n<div class=\"wp-block-columns is-layout-flex wp-container-core-columns-is-layout-2 wp-block-columns-is-layout-flex\">\n<div class=\"wp-block-column ordre-2 is-layout-flow wp-block-column-is-layout-flow\">\n<div class=\"wp-block-getwid-images-slider has-arrows-inside has-dots-inside has-images-center has-cropped-images aligncenter\"><div class=\"wp-block-getwid-images-slider__wrapper\" data-effect=\"slide\" data-slides-show=\"1\" data-slides-show-laptop=\"1\" data-slides-show-tablet=\"1\" data-slides-show-mobile=\"1\" data-slides-scroll=\"1\" data-autoplay=\"false\" data-autoplay-speed=\"6000\" data-infinite=\"true\" data-animation-speed=\"800\" data-center-mode=\"false\" data-variable-width=\"false\" data-arrows=\"inside\" data-dots=\"inside\" data-spacing=\"none\"><div class=\"wp-block-getwid-images-slider__item\"><figure><img loading=\"lazy\" decoding=\"async\" width=\"892\" height=\"892\" src=\"https:\/\/www.laserrasportwellness.com\/wp-content\/uploads\/2026\/02\/DSC03015-1-892x892.jpg\" alt=\"\" data-id=\"4678\" data-link=\"https:\/\/www.laserrasportwellness.com\/es\/sport-and-wellness\/attachment\/dsc03015-1-2\/\" data-original-link=\"https:\/\/www.laserrasportwellness.com\/wp-content\/uploads\/2026\/02\/DSC03015-1-scaled.jpg\" class=\"wp-block-getwid-images-slider__image wp-image-4678\" srcset=\"https:\/\/www.laserrasportwellness.com\/wp-content\/uploads\/2026\/02\/DSC03015-1-892x892.jpg 892w, https:\/\/www.laserrasportwellness.com\/wp-content\/uploads\/2026\/02\/DSC03015-1-150x150.jpg 150w\" sizes=\"(max-width: 892px) 100vw, 892px\" \/><\/figure><\/div><div class=\"wp-block-getwid-images-slider__item\"><figure><img loading=\"lazy\" decoding=\"async\" width=\"892\" height=\"892\" src=\"https:\/\/www.laserrasportwellness.com\/wp-content\/uploads\/2026\/02\/DSC03057-1-892x892.jpg\" alt=\"\" data-id=\"4674\" data-link=\"https:\/\/www.laserrasportwellness.com\/es\/sport-and-wellness\/attachment\/dsc03057-1-2\/\" data-original-link=\"https:\/\/www.laserrasportwellness.com\/wp-content\/uploads\/2026\/02\/DSC03057-1-scaled.jpg\" class=\"wp-block-getwid-images-slider__image wp-image-4674\" srcset=\"https:\/\/www.laserrasportwellness.com\/wp-content\/uploads\/2026\/02\/DSC03057-1-892x892.jpg 892w, https:\/\/www.laserrasportwellness.com\/wp-content\/uploads\/2026\/02\/DSC03057-1-150x150.jpg 150w\" sizes=\"(max-width: 892px) 100vw, 892px\" \/><\/figure><\/div><div class=\"wp-block-getwid-images-slider__item\"><figure><img loading=\"lazy\" decoding=\"async\" width=\"892\" height=\"892\" src=\"https:\/\/www.laserrasportwellness.com\/wp-content\/uploads\/2026\/02\/DSC03095-1-892x892.jpg\" alt=\"\" data-id=\"4670\" data-link=\"https:\/\/www.laserrasportwellness.com\/es\/sport-and-wellness\/attachment\/dsc03095-1-2\/\" data-original-link=\"https:\/\/www.laserrasportwellness.com\/wp-content\/uploads\/2026\/02\/DSC03095-1-scaled.jpg\" class=\"wp-block-getwid-images-slider__image wp-image-4670\" srcset=\"https:\/\/www.laserrasportwellness.com\/wp-content\/uploads\/2026\/02\/DSC03095-1-892x892.jpg 892w, https:\/\/www.laserrasportwellness.com\/wp-content\/uploads\/2026\/02\/DSC03095-1-150x150.jpg 150w\" sizes=\"(max-width: 892px) 100vw, 892px\" \/><\/figure><\/div><div class=\"wp-block-getwid-images-slider__item\"><figure><img loading=\"lazy\" decoding=\"async\" width=\"892\" height=\"892\" src=\"https:\/\/www.laserrasportwellness.com\/wp-content\/uploads\/2026\/02\/DSC00348-1-892x892.jpg\" alt=\"\" data-id=\"4475\" data-link=\"https:\/\/www.laserrasportwellness.com\/es\/habitaciones-coming-soon\/attachment\/dsc00348-1-2\/\" data-original-link=\"https:\/\/www.laserrasportwellness.com\/wp-content\/uploads\/2026\/02\/DSC00348-1-scaled.jpg\" class=\"wp-block-getwid-images-slider__image wp-image-4475\" srcset=\"https:\/\/www.laserrasportwellness.com\/wp-content\/uploads\/2026\/02\/DSC00348-1-892x892.jpg 892w, https:\/\/www.laserrasportwellness.com\/wp-content\/uploads\/2026\/02\/DSC00348-1-150x150.jpg 150w\" sizes=\"(max-width: 892px) 100vw, 892px\" \/><\/figure><\/div><div class=\"wp-block-getwid-images-slider__item\"><figure><img loading=\"lazy\" decoding=\"async\" width=\"892\" height=\"892\" src=\"https:\/\/www.laserrasportwellness.com\/wp-content\/uploads\/2026\/02\/DSC03123-4-892x892.jpg\" alt=\"\" data-id=\"4463\" data-link=\"https:\/\/www.laserrasportwellness.com\/es\/home\/dsc03123-4-2\/\" data-original-link=\"https:\/\/www.laserrasportwellness.com\/wp-content\/uploads\/2026\/02\/DSC03123-4-scaled.jpg\" class=\"wp-block-getwid-images-slider__image wp-image-4463\" srcset=\"https:\/\/www.laserrasportwellness.com\/wp-content\/uploads\/2026\/02\/DSC03123-4-892x892.jpg 892w, https:\/\/www.laserrasportwellness.com\/wp-content\/uploads\/2026\/02\/DSC03123-4-150x150.jpg 150w\" sizes=\"(max-width: 892px) 100vw, 892px\" \/><\/figure><\/div><\/div><\/div>\n<\/div>\n\n\n\n<div class=\"wp-block-column is-vertically-aligned-center ordre-1 is-layout-flow wp-block-column-is-layout-flow\">\n<p class=\"capcalera-ubicacio\" style=\"font-size:20px\"><strong>Bienestar<\/strong><\/p>\n\n\n\n<p>El bienestar implica un estado de satisfacci\u00f3n general y de vida plena en los diferentes \u00e1mbitos de la existencia.<\/p>\n\n\n\n<p>En La Serra Sport &amp; Wellness queremos fomentar esta manera de entender la vida, ya sea en estancias de varios d\u00edas o en jornadas m\u00e1s breves. Propuestas que combinan creatividad, imaginaci\u00f3n, cultura, arte, pensamiento cr\u00edtico, interacci\u00f3n social, arraigo al territorio, gastronom\u00eda, trabajo emocional y espacios para cuidar el cuerpo.<\/p>\n\n\n\n<div class=\"wp-block-buttons is-layout-flex wp-block-buttons-is-layout-flex\">\n<div class=\"wp-block-button\"><a class=\"wp-block-button__link wp-element-button\" href=\"https:\/\/www.laserrasportwellness.com\/es\/contacte\/\">\u00bfHablamos?<\/a><\/div>\n<\/div>\n<\/div>\n<\/div>\n\n\n\n<div style=\"height:50px\" aria-hidden=\"true\" class=\"wp-block-spacer\"><\/div>\n\n\n\n<div class=\"wp-block-columns is-layout-flex wp-container-core-columns-is-layout-3 wp-block-columns-is-layout-flex\">\n<div class=\"wp-block-column is-vertically-aligned-center is-layout-flow wp-block-column-is-layout-flow\">\n<p class=\"capcalera-ubicacio\" style=\"font-size:20px\"><strong>Tu experiencia Sport &amp; Wellness<\/strong><\/p>\n\n\n\n<p>Creamos estancias personalizadas para personas, grupos y empresas que buscan un entorno premium, privado y cuidado. Trabajamos con la m\u00e1xima flexibilidad para adaptar cada experiencia a las necesidades, ritmos e intenciones de cada uno.<\/p>\n\n\n\n<p>Nuestro equipo \u2014con trayectoria en el \u00e1mbito deportivo, la comunicaci\u00f3n y la organizaci\u00f3n de eventos\u2014 trabaja con un est\u00e1ndar alto de calidad, cuidando cada detalle para que todo fluya con naturalidad y coherencia.<\/p>\n\n\n\n<p>Servicio de excelencia, personalizaci\u00f3n y criterio<strong>:<\/strong> tres pilares que dan forma a cada experiencia en La Serra.<\/p>\n\n\n\n<div class=\"wp-block-buttons is-layout-flex wp-block-buttons-is-layout-flex\">\n<div class=\"wp-block-button\"><a class=\"wp-block-button__link wp-element-button\" href=\"https:\/\/www.laserrasportwellness.com\/es\/contacte\/\">\u00bfHablamos?<\/a><\/div>\n<\/div>\n<\/div>\n\n\n\n<div class=\"wp-block-column is-layout-flow wp-block-column-is-layout-flow\">\n<div class=\"wp-block-getwid-images-slider has-arrows-inside has-dots-inside has-images-center has-cropped-images aligncenter\"><div class=\"wp-block-getwid-images-slider__wrapper\" data-effect=\"slide\" data-slides-show=\"1\" data-slides-show-laptop=\"1\" data-slides-show-tablet=\"1\" data-slides-show-mobile=\"1\" data-slides-scroll=\"1\" data-autoplay=\"false\" data-autoplay-speed=\"6000\" data-infinite=\"true\" data-animation-speed=\"800\" data-center-mode=\"false\" data-variable-width=\"false\" data-arrows=\"inside\" data-dots=\"inside\" data-spacing=\"none\"><div class=\"wp-block-getwid-images-slider__item\"><figure><img loading=\"lazy\" decoding=\"async\" width=\"892\" height=\"892\" src=\"https:\/\/www.laserrasportwellness.com\/wp-content\/uploads\/2025\/09\/La-Serra-51-892x892.jpg\" alt=\"\" data-id=\"3977\" data-link=\"https:\/\/www.laserrasportwellness.com\/sport-and-wellness\/attachment\/la-serra-51\/\" data-original-link=\"https:\/\/www.laserrasportwellness.com\/wp-content\/uploads\/2025\/09\/La-Serra-51-scaled.jpg\" class=\"wp-block-getwid-images-slider__image wp-image-3977\" srcset=\"https:\/\/www.laserrasportwellness.com\/wp-content\/uploads\/2025\/09\/La-Serra-51-892x892.jpg 892w, https:\/\/www.laserrasportwellness.com\/wp-content\/uploads\/2025\/09\/La-Serra-51-150x150.jpg 150w\" sizes=\"(max-width: 892px) 100vw, 892px\" \/><\/figure><\/div><\/div><\/div>\n<\/div>\n<\/div>\n\n\n\n<div style=\"height:40px\" aria-hidden=\"true\" class=\"wp-block-spacer\"><\/div>\n\n\n\n<div style=\"height:80px\" aria-hidden=\"true\" class=\"wp-block-spacer\"><\/div>\n","protected":false},"excerpt":{"rendered":"<p>Creamos estancias aut\u00e9nticas y personalizadas para personas, grupos y empresas que buscan un entorno premium, privado y cuidado.<\/p>\n","protected":false},"author":1,"featured_media":0,"parent":0,"menu_order":0,"comment_status":"closed","ping_status":"closed","template":"template-wide-page.php","meta":{"inline_featured_image":false,"footnotes":""},"_links":{"self":[{"href":"https:\/\/www.laserrasportwellness.com\/es\/wp-json\/wp\/v2\/pages\/4312"}],"collection":[{"href":"https:\/\/www.laserrasportwellness.com\/es\/wp-json\/wp\/v2\/pages"}],"about":[{"href":"https:\/\/www.laserrasportwellness.com\/es\/wp-json\/wp\/v2\/types\/page"}],"author":[{"embeddable":true,"href":"https:\/\/www.laserrasportwellness.com\/es\/wp-json\/wp\/v2\/users\/1"}],"replies":[{"embeddable":true,"href":"https:\/\/www.laserrasportwellness.com\/es\/wp-json\/wp\/v2\/comments?post=4312"}],"version-history":[{"count":8,"href":"https:\/\/www.laserrasportwellness.com\/es\/wp-json\/wp\/v2\/pages\/4312\/revisions"}],"predecessor-version":[{"id":4769,"href":"https:\/\/www.laserrasportwellness.com\/es\/wp-json\/wp\/v2\/pages\/4312\/revisions\/4769"}],"wp:attachment":[{"href":"https:\/\/www.laserrasportwellness.com\/es\/wp-json\/wp\/v2\/media?parent=4312"}],"curies":[{"name":"wp","href":"https:\/\/api.w.org\/{rel}","templated":true}]}}