{"id":4326,"date":"2024-07-02T16:42:27","date_gmt":"2024-07-02T14:42:27","guid":{"rendered":"https:\/\/www.laserrasportwellness.com\/empreses\/"},"modified":"2026-04-27T09:49:30","modified_gmt":"2026-04-27T07:49:30","slug":"empreses","status":"publish","type":"page","link":"https:\/\/www.laserrasportwellness.com\/es\/empreses\/","title":{"rendered":"Empresas &amp; Eventos"},"content":{"rendered":"\n<p>Ofrecemos un entorno premium, discreto y privado para acoger workations, estancias de trabajo, peque\u00f1os eventos y jornadas dise\u00f1adas a medida. La Serra es una mas\u00eda del siglo XVII situada en la provincia de Barcelona, preparada para recibir equipos que buscan trabajar con calidad, serenidad y coherencia. Cada experiencia se construye desde la personalizaci\u00f3n total, adaptando la estancia a los objetivos, la din\u00e1mica y el ritmo de cada grupo.<\/p>\n\n\n\n<div style=\"height:50px\" aria-hidden=\"true\" class=\"wp-block-spacer\"><\/div>\n\n\n\n<div class=\"wp-block-columns is-layout-flex wp-container-core-columns-is-layout-1 wp-block-columns-is-layout-flex\">\n<div class=\"wp-block-column is-vertically-aligned-center is-layout-flow wp-block-column-is-layout-flow\">\n<h2 class=\"wp-block-heading capcalera-ubicacio\" style=\"font-size:20px\"><strong>Workations &amp; Estancias de trabajo<\/strong><\/h2>\n\n\n\n<p>Acogemos equipos que vienen a pasar unos d\u00edas inmersivos para trabajar en profundidad, tomar decisiones y desbloquear proyectos en un entorno ordenado y tranquilo. <\/p>\n\n\n\n<p>La casa cuenta con una sala polivalente powered by Samsung, espacios interiores de concentraci\u00f3n, zonas informales para trabajar con calma y amplias \u00e1reas exteriores que permiten observar los proyectos desde otra perspectiva. Cuidamos los tiempos, la log\u00edstica, las comidas y las pausas para que el trabajo fluya con serenidad, precisi\u00f3n y calidad. <\/p>\n\n\n\n<p>Cuando encaja con el prop\u00f3sito del equipo, complementamos la estancia con actividades relacionadas con el movimiento y el bienestar, colaborando con profesionales del territorio que aportan valor, criterio y experiencia. <\/p>\n\n\n\n<p>Cada estancia se dise\u00f1a a medida, integrando trabajo, convivencia y descanso dentro de una experiencia premium, discreta y coherente.<\/p>\n<\/div>\n\n\n\n<div class=\"wp-block-column is-layout-flow wp-block-column-is-layout-flow\">\n<div class=\"wp-block-getwid-images-slider has-arrows-inside has-dots-inside has-images-center has-cropped-images\"><div class=\"wp-block-getwid-images-slider__wrapper\" data-effect=\"slide\" data-slides-show=\"1\" data-slides-show-laptop=\"1\" data-slides-show-tablet=\"1\" data-slides-show-mobile=\"1\" data-slides-scroll=\"1\" data-autoplay=\"false\" data-autoplay-speed=\"6000\" data-infinite=\"true\" data-animation-speed=\"800\" data-center-mode=\"false\" data-variable-width=\"false\" data-arrows=\"inside\" data-dots=\"inside\" data-spacing=\"none\"><div class=\"wp-block-getwid-images-slider__item\"><figure><img loading=\"lazy\" decoding=\"async\" width=\"892\" height=\"724\" src=\"https:\/\/www.laserrasportwellness.com\/wp-content\/uploads\/2026\/04\/DC3147F7-B357-4AD9-A915-2778CD3920C8_1_105_c-892x724.jpeg\" alt=\"\" data-id=\"5022\" data-link=\"https:\/\/www.laserrasportwellness.com\/es\/empreses\/attachment\/dc3147f7-b357-4ad9-a915-2778cd3920c8_1_105_c-2\/\" data-original-link=\"https:\/\/www.laserrasportwellness.com\/wp-content\/uploads\/2026\/04\/DC3147F7-B357-4AD9-A915-2778CD3920C8_1_105_c.jpeg\" class=\"wp-block-getwid-images-slider__image wp-image-5022\"\/><\/figure><\/div><div class=\"wp-block-getwid-images-slider__item\"><figure><img loading=\"lazy\" decoding=\"async\" width=\"892\" height=\"892\" src=\"https:\/\/www.laserrasportwellness.com\/wp-content\/uploads\/2026\/04\/A1727F5E-49A3-4222-AC8D-732D66E1A60D-892x892.jpeg\" alt=\"\" data-id=\"4998\" data-link=\"https:\/\/www.laserrasportwellness.com\/es\/empreses\/attachment\/a1727f5e-49a3-4222-ac8d-732d66e1a60d-2\/\" data-original-link=\"https:\/\/www.laserrasportwellness.com\/wp-content\/uploads\/2026\/04\/A1727F5E-49A3-4222-AC8D-732D66E1A60D.jpeg\" class=\"wp-block-getwid-images-slider__image wp-image-4998\" srcset=\"https:\/\/www.laserrasportwellness.com\/wp-content\/uploads\/2026\/04\/A1727F5E-49A3-4222-AC8D-732D66E1A60D-892x892.jpeg 892w, https:\/\/www.laserrasportwellness.com\/wp-content\/uploads\/2026\/04\/A1727F5E-49A3-4222-AC8D-732D66E1A60D-150x150.jpeg 150w\" sizes=\"(max-width: 892px) 100vw, 892px\" \/><\/figure><\/div><div class=\"wp-block-getwid-images-slider__item\"><figure><img loading=\"lazy\" decoding=\"async\" width=\"892\" height=\"768\" src=\"https:\/\/www.laserrasportwellness.com\/wp-content\/uploads\/2026\/04\/CD258FB0-686F-4FD4-B781-606CE5ECCAC3_1_105_c-892x768.jpeg\" alt=\"\" data-id=\"4966\" data-link=\"https:\/\/www.laserrasportwellness.com\/es\/empreses\/attachment\/cd258fb0-686f-4fd4-b781-606ce5eccac3_1_105_c-2\/\" data-original-link=\"https:\/\/www.laserrasportwellness.com\/wp-content\/uploads\/2026\/04\/CD258FB0-686F-4FD4-B781-606CE5ECCAC3_1_105_c.jpeg\" class=\"wp-block-getwid-images-slider__image wp-image-4966\"\/><\/figure><\/div><div class=\"wp-block-getwid-images-slider__item\"><figure><img loading=\"lazy\" decoding=\"async\" width=\"768\" height=\"892\" src=\"https:\/\/www.laserrasportwellness.com\/wp-content\/uploads\/2026\/04\/289C05DC-FE78-4831-AB22-6794472659C0_1_105_c-768x892.jpeg\" alt=\"\" data-id=\"4961\" data-link=\"https:\/\/www.laserrasportwellness.com\/es\/espacios\/attachment\/289c05dc-fe78-4831-ab22-6794472659c0_1_105_c-2\/\" data-original-link=\"https:\/\/www.laserrasportwellness.com\/wp-content\/uploads\/2026\/04\/289C05DC-FE78-4831-AB22-6794472659C0_1_105_c.jpeg\" class=\"wp-block-getwid-images-slider__image wp-image-4961\"\/><\/figure><\/div><\/div><\/div>\n<\/div>\n<\/div>\n\n\n\n<div style=\"height:60px\" aria-hidden=\"true\" class=\"wp-block-spacer\"><\/div>\n\n\n\n<div class=\"wp-block-columns is-layout-flex wp-container-core-columns-is-layout-2 wp-block-columns-is-layout-flex\">\n<div class=\"wp-block-column ordre-2 is-layout-flow wp-block-column-is-layout-flow\">\n<div class=\"wp-block-getwid-images-slider has-arrows-inside has-dots-inside has-images-center has-cropped-images aligncenter\"><div class=\"wp-block-getwid-images-slider__wrapper\" data-effect=\"slide\" data-slides-show=\"1\" data-slides-show-laptop=\"1\" data-slides-show-tablet=\"1\" data-slides-show-mobile=\"1\" data-slides-scroll=\"1\" data-autoplay=\"false\" data-autoplay-speed=\"6000\" data-infinite=\"true\" data-animation-speed=\"800\" data-center-mode=\"false\" data-variable-width=\"false\" data-arrows=\"inside\" data-dots=\"inside\" data-spacing=\"none\"><div class=\"wp-block-getwid-images-slider__item\"><figure><img loading=\"lazy\" decoding=\"async\" width=\"768\" height=\"892\" src=\"https:\/\/www.laserrasportwellness.com\/wp-content\/uploads\/2026\/04\/3DDCFD0E-A89B-4BC9-8D8C-7D3B0557CACD_1_105_c-768x892.jpeg\" alt=\"\" data-id=\"5027\" data-link=\"https:\/\/www.laserrasportwellness.com\/es\/empreses\/attachment\/3ddcfd0e-a89b-4bc9-8d8c-7d3b0557cacd_1_105_c-2\/\" data-original-link=\"https:\/\/www.laserrasportwellness.com\/wp-content\/uploads\/2026\/04\/3DDCFD0E-A89B-4BC9-8D8C-7D3B0557CACD_1_105_c.jpeg\" class=\"wp-block-getwid-images-slider__image wp-image-5027\"\/><\/figure><\/div><div class=\"wp-block-getwid-images-slider__item\"><figure><img loading=\"lazy\" decoding=\"async\" width=\"892\" height=\"724\" src=\"https:\/\/www.laserrasportwellness.com\/wp-content\/uploads\/2026\/04\/DC3147F7-B357-4AD9-A915-2778CD3920C8_1_105_c-892x724.jpeg\" alt=\"\" data-id=\"5022\" data-link=\"https:\/\/www.laserrasportwellness.com\/es\/empreses\/attachment\/dc3147f7-b357-4ad9-a915-2778cd3920c8_1_105_c-2\/\" data-original-link=\"https:\/\/www.laserrasportwellness.com\/wp-content\/uploads\/2026\/04\/DC3147F7-B357-4AD9-A915-2778CD3920C8_1_105_c.jpeg\" class=\"wp-block-getwid-images-slider__image wp-image-5022\"\/><\/figure><\/div><div class=\"wp-block-getwid-images-slider__item\"><figure><img loading=\"lazy\" decoding=\"async\" width=\"892\" height=\"768\" src=\"https:\/\/www.laserrasportwellness.com\/wp-content\/uploads\/2026\/04\/B4941077-00E4-476D-87C9-30767B7D080D_1_105_c-892x768.jpeg\" alt=\"\" data-id=\"5014\" data-link=\"https:\/\/www.laserrasportwellness.com\/es\/empreses\/attachment\/b4941077-00e4-476d-87c9-30767b7d080d_1_105_c-2\/\" data-original-link=\"https:\/\/www.laserrasportwellness.com\/wp-content\/uploads\/2026\/04\/B4941077-00E4-476D-87C9-30767B7D080D_1_105_c.jpeg\" class=\"wp-block-getwid-images-slider__image wp-image-5014\"\/><\/figure><\/div><div class=\"wp-block-getwid-images-slider__item\"><figure><img loading=\"lazy\" decoding=\"async\" width=\"768\" height=\"892\" src=\"https:\/\/www.laserrasportwellness.com\/wp-content\/uploads\/2026\/04\/B0949B33-1FED-40E8-9A18-CEC9F67355C4_1_105_c-768x892.jpeg\" alt=\"\" data-id=\"5010\" data-link=\"https:\/\/www.laserrasportwellness.com\/es\/empreses\/attachment\/b0949b33-1fed-40e8-9a18-cec9f67355c4_1_105_c-2\/\" data-original-link=\"https:\/\/www.laserrasportwellness.com\/wp-content\/uploads\/2026\/04\/B0949B33-1FED-40E8-9A18-CEC9F67355C4_1_105_c.jpeg\" class=\"wp-block-getwid-images-slider__image wp-image-5010\"\/><\/figure><\/div><div class=\"wp-block-getwid-images-slider__item\"><figure><img loading=\"lazy\" decoding=\"async\" width=\"892\" height=\"768\" src=\"https:\/\/www.laserrasportwellness.com\/wp-content\/uploads\/2026\/04\/A3222091-90E2-4F02-920B-B8C8CEE4751F_1_105_c-892x768.jpeg\" alt=\"\" data-id=\"5006\" data-link=\"https:\/\/www.laserrasportwellness.com\/es\/empreses\/attachment\/a3222091-90e2-4f02-920b-b8c8cee4751f_1_105_c-2\/\" data-original-link=\"https:\/\/www.laserrasportwellness.com\/wp-content\/uploads\/2026\/04\/A3222091-90E2-4F02-920B-B8C8CEE4751F_1_105_c.jpeg\" class=\"wp-block-getwid-images-slider__image wp-image-5006\"\/><\/figure><\/div><div class=\"wp-block-getwid-images-slider__item\"><figure><img loading=\"lazy\" decoding=\"async\" width=\"892\" height=\"768\" src=\"https:\/\/www.laserrasportwellness.com\/wp-content\/uploads\/2026\/04\/9CD146BF-0F27-453D-9627-FDD005C6D87E_1_105_c-892x768.jpeg\" alt=\"\" data-id=\"4994\" data-link=\"https:\/\/www.laserrasportwellness.com\/es\/empreses\/attachment\/9cd146bf-0f27-453d-9627-fdd005c6d87e_1_105_c-2\/\" data-original-link=\"https:\/\/www.laserrasportwellness.com\/wp-content\/uploads\/2026\/04\/9CD146BF-0F27-453D-9627-FDD005C6D87E_1_105_c.jpeg\" class=\"wp-block-getwid-images-slider__image wp-image-4994\"\/><\/figure><\/div><div class=\"wp-block-getwid-images-slider__item\"><figure><img loading=\"lazy\" decoding=\"async\" width=\"892\" height=\"768\" src=\"https:\/\/www.laserrasportwellness.com\/wp-content\/uploads\/2026\/04\/B696D887-6111-47FB-92FF-35FA0DE9BE6D_1_105_c-892x768.jpeg\" alt=\"\" data-id=\"4990\" data-link=\"https:\/\/www.laserrasportwellness.com\/es\/empreses\/attachment\/b696d887-6111-47fb-92ff-35fa0de9be6d_1_105_c-2\/\" data-original-link=\"https:\/\/www.laserrasportwellness.com\/wp-content\/uploads\/2026\/04\/B696D887-6111-47FB-92FF-35FA0DE9BE6D_1_105_c.jpeg\" class=\"wp-block-getwid-images-slider__image wp-image-4990\"\/><\/figure><\/div><div class=\"wp-block-getwid-images-slider__item\"><figure><img loading=\"lazy\" decoding=\"async\" width=\"892\" height=\"768\" src=\"https:\/\/www.laserrasportwellness.com\/wp-content\/uploads\/2026\/04\/36183C58-C4EF-441F-AB82-D59B5EC1102F_1_105_c-892x768.jpeg\" alt=\"\" data-id=\"4982\" data-link=\"https:\/\/www.laserrasportwellness.com\/es\/empreses\/attachment\/36183c58-c4ef-441f-ab82-d59b5ec1102f_1_105_c-2\/\" data-original-link=\"https:\/\/www.laserrasportwellness.com\/wp-content\/uploads\/2026\/04\/36183C58-C4EF-441F-AB82-D59B5EC1102F_1_105_c.jpeg\" class=\"wp-block-getwid-images-slider__image wp-image-4982\"\/><\/figure><\/div><div class=\"wp-block-getwid-images-slider__item\"><figure><img loading=\"lazy\" decoding=\"async\" width=\"892\" height=\"768\" src=\"https:\/\/www.laserrasportwellness.com\/wp-content\/uploads\/2026\/04\/673280DF-3554-45FB-BC81-A5C3A5C0BD4B_1_105_c-892x768.jpeg\" alt=\"\" data-id=\"4974\" data-link=\"https:\/\/www.laserrasportwellness.com\/es\/empreses\/attachment\/673280df-3554-45fb-bc81-a5c3a5c0bd4b_1_105_c-2\/\" data-original-link=\"https:\/\/www.laserrasportwellness.com\/wp-content\/uploads\/2026\/04\/673280DF-3554-45FB-BC81-A5C3A5C0BD4B_1_105_c.jpeg\" class=\"wp-block-getwid-images-slider__image wp-image-4974\"\/><\/figure><\/div><div class=\"wp-block-getwid-images-slider__item\"><figure><img loading=\"lazy\" decoding=\"async\" width=\"892\" height=\"768\" src=\"https:\/\/www.laserrasportwellness.com\/wp-content\/uploads\/2026\/04\/5DE4BD28-F888-4A74-A1F2-E686074AC084_1_105_c-892x768.jpeg\" alt=\"\" data-id=\"4970\" data-link=\"https:\/\/www.laserrasportwellness.com\/es\/empreses\/attachment\/5de4bd28-f888-4a74-a1f2-e686074ac084_1_105_c-2\/\" data-original-link=\"https:\/\/www.laserrasportwellness.com\/wp-content\/uploads\/2026\/04\/5DE4BD28-F888-4A74-A1F2-E686074AC084_1_105_c.jpeg\" class=\"wp-block-getwid-images-slider__image wp-image-4970\"\/><\/figure><\/div><div class=\"wp-block-getwid-images-slider__item\"><figure><img loading=\"lazy\" decoding=\"async\" width=\"892\" height=\"768\" src=\"https:\/\/www.laserrasportwellness.com\/wp-content\/uploads\/2026\/04\/CD258FB0-686F-4FD4-B781-606CE5ECCAC3_1_105_c-892x768.jpeg\" alt=\"\" data-id=\"4966\" data-link=\"https:\/\/www.laserrasportwellness.com\/es\/empreses\/attachment\/cd258fb0-686f-4fd4-b781-606ce5eccac3_1_105_c-2\/\" data-original-link=\"https:\/\/www.laserrasportwellness.com\/wp-content\/uploads\/2026\/04\/CD258FB0-686F-4FD4-B781-606CE5ECCAC3_1_105_c.jpeg\" class=\"wp-block-getwid-images-slider__image wp-image-4966\"\/><\/figure><\/div><div class=\"wp-block-getwid-images-slider__item\"><figure><img loading=\"lazy\" decoding=\"async\" width=\"892\" height=\"892\" src=\"https:\/\/www.laserrasportwellness.com\/wp-content\/uploads\/2026\/02\/La-Serra-68-892x892.jpg\" alt=\"\" data-id=\"4683\" data-link=\"https:\/\/www.laserrasportwellness.com\/es\/sport-and-wellness\/attachment\/la-serra-68-2\/\" data-original-link=\"https:\/\/www.laserrasportwellness.com\/wp-content\/uploads\/2026\/02\/La-Serra-68-scaled.jpg\" class=\"wp-block-getwid-images-slider__image wp-image-4683\" srcset=\"https:\/\/www.laserrasportwellness.com\/wp-content\/uploads\/2026\/02\/La-Serra-68-892x892.jpg 892w, https:\/\/www.laserrasportwellness.com\/wp-content\/uploads\/2026\/02\/La-Serra-68-150x150.jpg 150w\" sizes=\"(max-width: 892px) 100vw, 892px\" \/><\/figure><\/div><div class=\"wp-block-getwid-images-slider__item\"><figure><img loading=\"lazy\" decoding=\"async\" width=\"892\" height=\"892\" src=\"https:\/\/www.laserrasportwellness.com\/wp-content\/uploads\/2026\/02\/DSC03015-1-892x892.jpg\" alt=\"\" data-id=\"4678\" data-link=\"https:\/\/www.laserrasportwellness.com\/es\/sport-and-wellness\/attachment\/dsc03015-1-2\/\" data-original-link=\"https:\/\/www.laserrasportwellness.com\/wp-content\/uploads\/2026\/02\/DSC03015-1-scaled.jpg\" class=\"wp-block-getwid-images-slider__image wp-image-4678\" srcset=\"https:\/\/www.laserrasportwellness.com\/wp-content\/uploads\/2026\/02\/DSC03015-1-892x892.jpg 892w, https:\/\/www.laserrasportwellness.com\/wp-content\/uploads\/2026\/02\/DSC03015-1-150x150.jpg 150w\" sizes=\"(max-width: 892px) 100vw, 892px\" \/><\/figure><\/div><div class=\"wp-block-getwid-images-slider__item\"><figure><img loading=\"lazy\" decoding=\"async\" width=\"892\" height=\"892\" src=\"https:\/\/www.laserrasportwellness.com\/wp-content\/uploads\/2026\/02\/DSC03057-1-892x892.jpg\" alt=\"\" data-id=\"4674\" data-link=\"https:\/\/www.laserrasportwellness.com\/es\/sport-and-wellness\/attachment\/dsc03057-1-2\/\" data-original-link=\"https:\/\/www.laserrasportwellness.com\/wp-content\/uploads\/2026\/02\/DSC03057-1-scaled.jpg\" class=\"wp-block-getwid-images-slider__image wp-image-4674\" srcset=\"https:\/\/www.laserrasportwellness.com\/wp-content\/uploads\/2026\/02\/DSC03057-1-892x892.jpg 892w, https:\/\/www.laserrasportwellness.com\/wp-content\/uploads\/2026\/02\/DSC03057-1-150x150.jpg 150w\" sizes=\"(max-width: 892px) 100vw, 892px\" \/><\/figure><\/div><\/div><\/div>\n<\/div>\n\n\n\n<div class=\"wp-block-column is-vertically-aligned-center ordre-1 is-layout-flow wp-block-column-is-layout-flow\">\n<h2 class=\"wp-block-heading capcalera-ubicacio\" style=\"font-size:20px\"><strong>Eventos y conferencias<\/strong><\/h2>\n\n\n\n<p>En La Serra acogemos eventos profesionales peque\u00f1os, exclusivos y cuidados. <\/p>\n\n\n\n<p>La mas\u00eda ofrece un escenario con personalidad y elegancia: un espacio aut\u00e9ntico y \u00fanico, sereno, discreto y distinto del entorno corporativo habitual, que aporta diferenciaci\u00f3n a presentaciones, conferencias, sesiones estrat\u00e9gicas y encuentros directivos.<\/p>\n<\/div>\n<\/div>\n\n\n\n<div style=\"height:60px\" aria-hidden=\"true\" class=\"wp-block-spacer\"><\/div>\n\n\n\n<div class=\"wp-block-columns is-layout-flex wp-container-core-columns-is-layout-3 wp-block-columns-is-layout-flex\">\n<div class=\"wp-block-column is-vertically-aligned-center is-layout-flow wp-block-column-is-layout-flow\">\n<h2 class=\"wp-block-heading capcalera-ubicacio\" style=\"font-size:20px\"><strong>Team Buildings<\/strong><\/h2>\n\n\n\n<p>Para los equipos que solo disponen de un d\u00eda o de unas horas, dise\u00f1amos jornadas de team building a medida. <\/p>\n\n\n\n<p>Colaboramos con una red de especialistas del territorio \u2014en deporte, creatividad, cultura y bienestar\u2014 para crear propuestas que fomentan la cohesi\u00f3n, el movimiento y la comunicaci\u00f3n de manera natural.<\/p>\n<\/div>\n\n\n\n<div class=\"wp-block-column is-layout-flow wp-block-column-is-layout-flow\">\n<div class=\"wp-block-getwid-images-slider has-arrows-inside has-dots-inside has-images-center has-cropped-images aligncenter\"><div class=\"wp-block-getwid-images-slider__wrapper\" data-effect=\"slide\" data-slides-show=\"1\" data-slides-show-laptop=\"1\" data-slides-show-tablet=\"1\" data-slides-show-mobile=\"1\" data-slides-scroll=\"1\" data-autoplay=\"false\" data-autoplay-speed=\"6000\" data-infinite=\"true\" data-animation-speed=\"800\" data-center-mode=\"false\" data-variable-width=\"false\" data-arrows=\"inside\" data-dots=\"inside\" data-spacing=\"none\"><div class=\"wp-block-getwid-images-slider__item\"><figure><img loading=\"lazy\" decoding=\"async\" width=\"892\" height=\"768\" src=\"https:\/\/www.laserrasportwellness.com\/wp-content\/uploads\/2026\/04\/44C1B240-D9B4-4CE9-8AEB-DA2ECCA342A0_1_105_c-892x768.jpeg\" alt=\"\" data-id=\"5045\" data-link=\"https:\/\/www.laserrasportwellness.com\/es\/empreses\/attachment\/44c1b240-d9b4-4ce9-8aeb-da2ecca342a0_1_105_c-2\/\" data-original-link=\"https:\/\/www.laserrasportwellness.com\/wp-content\/uploads\/2026\/04\/44C1B240-D9B4-4CE9-8AEB-DA2ECCA342A0_1_105_c.jpeg\" class=\"wp-block-getwid-images-slider__image wp-image-5045\"\/><\/figure><\/div><div class=\"wp-block-getwid-images-slider__item\"><figure><img loading=\"lazy\" decoding=\"async\" width=\"892\" height=\"768\" src=\"https:\/\/www.laserrasportwellness.com\/wp-content\/uploads\/2026\/04\/CB21AEA3-CBCD-4A5F-8310-4B024BCDC8AD_1_105_c-892x768.jpeg\" alt=\"\" data-id=\"5041\" data-link=\"https:\/\/www.laserrasportwellness.com\/es\/empreses\/attachment\/cb21aea3-cbcd-4a5f-8310-4b024bcdc8ad_1_105_c-2\/\" data-original-link=\"https:\/\/www.laserrasportwellness.com\/wp-content\/uploads\/2026\/04\/CB21AEA3-CBCD-4A5F-8310-4B024BCDC8AD_1_105_c.jpeg\" class=\"wp-block-getwid-images-slider__image wp-image-5041\"\/><\/figure><\/div><div class=\"wp-block-getwid-images-slider__item\"><figure><img loading=\"lazy\" decoding=\"async\" width=\"892\" height=\"768\" src=\"https:\/\/www.laserrasportwellness.com\/wp-content\/uploads\/2026\/04\/6ED7EA47-891B-44DC-B44A-E86164AABCD2_1_105_c-892x768.jpeg\" alt=\"\" data-id=\"5037\" data-link=\"https:\/\/www.laserrasportwellness.com\/es\/empreses\/attachment\/6ed7ea47-891b-44dc-b44a-e86164aabcd2_1_105_c-2\/\" data-original-link=\"https:\/\/www.laserrasportwellness.com\/wp-content\/uploads\/2026\/04\/6ED7EA47-891B-44DC-B44A-E86164AABCD2_1_105_c.jpeg\" class=\"wp-block-getwid-images-slider__image wp-image-5037\"\/><\/figure><\/div><div class=\"wp-block-getwid-images-slider__item\"><figure><img loading=\"lazy\" decoding=\"async\" width=\"892\" height=\"892\" src=\"https:\/\/www.laserrasportwellness.com\/wp-content\/uploads\/2026\/02\/DSC03123-4-892x892.jpg\" alt=\"\" data-id=\"4463\" data-link=\"https:\/\/www.laserrasportwellness.com\/es\/home\/dsc03123-4-2\/\" data-original-link=\"https:\/\/www.laserrasportwellness.com\/wp-content\/uploads\/2026\/02\/DSC03123-4-scaled.jpg\" class=\"wp-block-getwid-images-slider__image wp-image-4463\" srcset=\"https:\/\/www.laserrasportwellness.com\/wp-content\/uploads\/2026\/02\/DSC03123-4-892x892.jpg 892w, https:\/\/www.laserrasportwellness.com\/wp-content\/uploads\/2026\/02\/DSC03123-4-150x150.jpg 150w\" sizes=\"(max-width: 892px) 100vw, 892px\" \/><\/figure><\/div><div class=\"wp-block-getwid-images-slider__item\"><figure><img loading=\"lazy\" decoding=\"async\" width=\"892\" height=\"892\" src=\"https:\/\/www.laserrasportwellness.com\/wp-content\/uploads\/2025\/09\/La-Serra-70-892x892.jpg\" alt=\"\" data-id=\"4034\" data-link=\"https:\/\/www.laserrasportwellness.com\/es\/ciclisme\/attachment\/la-serra-70-2\/\" data-original-link=\"https:\/\/www.laserrasportwellness.com\/wp-content\/uploads\/2025\/09\/La-Serra-70-scaled.jpg\" class=\"wp-block-getwid-images-slider__image wp-image-4034\" srcset=\"https:\/\/www.laserrasportwellness.com\/wp-content\/uploads\/2025\/09\/La-Serra-70-892x892.jpg 892w, https:\/\/www.laserrasportwellness.com\/wp-content\/uploads\/2025\/09\/La-Serra-70-150x150.jpg 150w\" sizes=\"(max-width: 892px) 100vw, 892px\" \/><figcaption class=\"wp-block-getwid-images-slider__caption\">Grup de ciclistes<\/figcaption><\/figure><\/div><\/div><\/div>\n<\/div>\n<\/div>\n\n\n\n<div style=\"height:80px\" aria-hidden=\"true\" class=\"wp-block-spacer\"><\/div>\n\n\n\n<h2 class=\"wp-block-heading capcalera-ubicacio\"><strong>Construimos cada experiencia<\/strong><\/h2>\n\n\n\n<p>Trabajamos con personalizaci\u00f3n, calidad y criterio, adapt\u00e1ndonos a los objetivos de cada grupo y utilizando la casa, el entorno y los colaboradores para dar coherencia a la experiencia de principio a fin.<br>\u00bfHablamos?<\/p>\n\n\n\n<div class=\"wp-block-buttons is-layout-flex wp-block-buttons-is-layout-flex\">\n<div class=\"wp-block-button\"><a class=\"wp-block-button__link wp-element-button\" href=\"https:\/\/www.laserrasportwellness.com\/es\/contacte\/\">\u00bfHablamos?<\/a><\/div>\n<\/div>\n","protected":false},"excerpt":{"rendered":"<p>Las mejores ideas nacen en la calma y los equipos m\u00e1s fuertes se construyen desde la conexi\u00f3n<\/p>\n","protected":false},"author":1,"featured_media":0,"parent":0,"menu_order":0,"comment_status":"closed","ping_status":"closed","template":"template-wide-page.php","meta":{"inline_featured_image":false,"footnotes":""},"_links":{"self":[{"href":"https:\/\/www.laserrasportwellness.com\/es\/wp-json\/wp\/v2\/pages\/4326"}],"collection":[{"href":"https:\/\/www.laserrasportwellness.com\/es\/wp-json\/wp\/v2\/pages"}],"about":[{"href":"https:\/\/www.laserrasportwellness.com\/es\/wp-json\/wp\/v2\/types\/page"}],"author":[{"embeddable":true,"href":"https:\/\/www.laserrasportwellness.com\/es\/wp-json\/wp\/v2\/users\/1"}],"replies":[{"embeddable":true,"href":"https:\/\/www.laserrasportwellness.com\/es\/wp-json\/wp\/v2\/comments?post=4326"}],"version-history":[{"count":12,"href":"https:\/\/www.laserrasportwellness.com\/es\/wp-json\/wp\/v2\/pages\/4326\/revisions"}],"predecessor-version":[{"id":5050,"href":"https:\/\/www.laserrasportwellness.com\/es\/wp-json\/wp\/v2\/pages\/4326\/revisions\/5050"}],"wp:attachment":[{"href":"https:\/\/www.laserrasportwellness.com\/es\/wp-json\/wp\/v2\/media?parent=4326"}],"curies":[{"name":"wp","href":"https:\/\/api.w.org\/{rel}","templated":true}]}}