{"id":4926,"date":"2024-07-02T16:49:51","date_gmt":"2024-07-02T14:49:51","guid":{"rendered":"https:\/\/www.laserrasportwellness.com\/agenda\/"},"modified":"2026-03-19T17:08:41","modified_gmt":"2026-03-19T16:08:41","slug":"agenda","status":"publish","type":"page","link":"https:\/\/www.laserrasportwellness.com\/es\/agenda\/","title":{"rendered":"Agenda"},"content":{"rendered":"\n<h2 class=\"wp-block-heading capcalera-ubicacio\"><strong>2026<\/strong><\/h2>\n\n\n\n<div style=\"height:50px\" aria-hidden=\"true\" class=\"wp-block-spacer\"><\/div>\n\n\n\n<div class=\"wp-block-columns is-layout-flex wp-container-core-columns-is-layout-1 wp-block-columns-is-layout-flex\">\n<div class=\"wp-block-column is-layout-flow wp-block-column-is-layout-flow\">\n<figure class=\"wp-block-image size-large\"><img loading=\"lazy\" decoding=\"async\" width=\"819\" height=\"1024\" src=\"https:\/\/www.laserrasportwellness.com\/wp-content\/uploads\/2026\/02\/WhatsApp-Image-2026-02-13-at-18.11.47-819x1024.jpeg\" alt=\"\" class=\"wp-image-4902\" style=\"aspect-ratio:1;object-fit:contain\" srcset=\"https:\/\/www.laserrasportwellness.com\/wp-content\/uploads\/2026\/02\/WhatsApp-Image-2026-02-13-at-18.11.47-819x1024.jpeg 819w, https:\/\/www.laserrasportwellness.com\/wp-content\/uploads\/2026\/02\/WhatsApp-Image-2026-02-13-at-18.11.47-240x300.jpeg 240w, https:\/\/www.laserrasportwellness.com\/wp-content\/uploads\/2026\/02\/WhatsApp-Image-2026-02-13-at-18.11.47-768x960.jpeg 768w, https:\/\/www.laserrasportwellness.com\/wp-content\/uploads\/2026\/02\/WhatsApp-Image-2026-02-13-at-18.11.47-892x1115.jpeg 892w, https:\/\/www.laserrasportwellness.com\/wp-content\/uploads\/2026\/02\/WhatsApp-Image-2026-02-13-at-18.11.47.jpeg 1080w\" sizes=\"(max-width: 819px) 100vw, 819px\" \/><\/figure>\n\n\n\n<p class=\"has-text-align-center\"><a href=\"https:\/\/www.instagram.com\/p\/DU5TtDYjCTg\/?utm_source=ig_web_copy_link&amp;igsh=MzRlODBiNWFlZA==\" data-type=\"link\" data-id=\"https:\/\/www.instagram.com\/p\/DU5TtDYjCTg\/?utm_source=ig_web_copy_link&amp;igsh=MzRlODBiNWFlZA==\"><strong>02 Ciclo de Bienestar <\/strong><\/a><\/p>\n\n\n\n<p class=\"has-text-align-center\">S\u00e1bado 21 de marzo \u2022 de 09:00h a 13:30h \u2022<\/p>\n\n\n\n<p class=\"has-text-align-center\">&#x1f9d8;&#x200d;&#x2640;&#xfe0f; Movimiento \u00b7 Yoga Din\u00e1mico con Laia Font de <a href=\"https:\/\/www.instagram.com\/cosicosmos\/?hl=es\">@cosicosmos<\/a><br>Bienvenida Primavera.<br>Una pr\u00e1ctica viva, con dinamismo y energ\u00eda, en sinton\u00eda con el verde que empieza a llenar el paisaje. Movemos el cuerpo para abrir espacio y empezar a brotar por dentro.<\/p>\n\n\n\n<p class=\"has-text-align-center\">&#x1f963; Desayuno de casa, natural y local<br>Un momento para conectar y compartir. Una mesa servida que se llena de conversaciones. Alimento que nutre y que viene de muy cerca: local, natural y en coherencia con el territorio<\/p>\n\n\n\n<p class=\"has-text-align-center\">&#x1f3a8; Creatividad \u00b7 Taller de Ceramica con Clara Comas\u00a0<a href=\"https:\/\/www.instagram.com\/letaenfangada\/?hl=es\">@letaenfangada<\/a><br>Dos horas para ensuciarse las manos y dejar volar las ideas. Un taller pensado para todos \u2014no hace falta experiencia previa\u2014, solo curiosidad y ganas de tocar el barro. Cada participante crear\u00e1 su propia pieza, modelada a mano y decorada con texturas, grabados, relieves y engobes de colores.<\/p>\n<\/div>\n\n\n\n<div class=\"wp-block-column is-layout-flow wp-block-column-is-layout-flow\">\n<figure class=\"wp-block-image size-large\"><img loading=\"lazy\" decoding=\"async\" width=\"819\" height=\"1024\" src=\"https:\/\/www.laserrasportwellness.com\/wp-content\/uploads\/2026\/02\/WhatsApp-Image-2026-02-13-at-17.15.24-819x1024.jpeg\" alt=\"\" class=\"wp-image-4898\" style=\"aspect-ratio:1;object-fit:contain\" srcset=\"https:\/\/www.laserrasportwellness.com\/wp-content\/uploads\/2026\/02\/WhatsApp-Image-2026-02-13-at-17.15.24-819x1024.jpeg 819w, https:\/\/www.laserrasportwellness.com\/wp-content\/uploads\/2026\/02\/WhatsApp-Image-2026-02-13-at-17.15.24-240x300.jpeg 240w, https:\/\/www.laserrasportwellness.com\/wp-content\/uploads\/2026\/02\/WhatsApp-Image-2026-02-13-at-17.15.24-768x960.jpeg 768w, https:\/\/www.laserrasportwellness.com\/wp-content\/uploads\/2026\/02\/WhatsApp-Image-2026-02-13-at-17.15.24-892x1115.jpeg 892w, https:\/\/www.laserrasportwellness.com\/wp-content\/uploads\/2026\/02\/WhatsApp-Image-2026-02-13-at-17.15.24.jpeg 1080w\" sizes=\"(max-width: 819px) 100vw, 819px\" \/><\/figure>\n\n\n\n<p class=\"has-text-align-center\"><a href=\"https:\/\/www.instagram.com\/p\/DU0QZalDAne\/?utm_source=ig_web_copy_link&amp;igsh=MzRlODBiNWFlZA==\" data-type=\"link\" data-id=\"https:\/\/www.instagram.com\/p\/DU0QZalDAne\/?utm_source=ig_web_copy_link&amp;igsh=MzRlODBiNWFlZA==\"><strong>Cross-Country Rally Co-Driver Training Stage<\/strong><\/a><br><\/p>\n\n\n\n<p class=\"has-text-align-center\">17\u201319 de abril de 2026<\/p>\n\n\n\n<p class=\"has-text-align-center\">con Rosa Romero i Alex Haro<\/p>\n\n\n\n<p class=\"has-text-align-center\">Plazas limitadas. Una experiencia de rally aut\u00e9ntica en un entorno rural privado, donde la calma y la naturaleza potencian la concentraci\u00f3n y el rendimiento.<\/p>\n<\/div>\n<\/div>\n\n\n\n<div style=\"height:80px\" aria-hidden=\"true\" class=\"wp-block-spacer\"><\/div>\n\n\n\n<h2 class=\"wp-block-heading capcalera-ubicacio\"><strong>2025<\/strong><\/h2>\n\n\n\n<div class=\"wp-block-columns is-layout-flex wp-container-core-columns-is-layout-2 wp-block-columns-is-layout-flex\">\n<div class=\"wp-block-column is-layout-flow wp-block-column-is-layout-flow\">\n<figure class=\"wp-block-image size-large\"><img loading=\"lazy\" decoding=\"async\" width=\"819\" height=\"1024\" src=\"https:\/\/www.laserrasportwellness.com\/wp-content\/uploads\/2026\/02\/Copy-of-Photocentric-Own-Your-Morning-Boost-Your-Day-Tips-Instagram-Carousel-819x1024.jpg\" alt=\"\" class=\"wp-image-4890\" style=\"aspect-ratio:1;object-fit:contain\" srcset=\"https:\/\/www.laserrasportwellness.com\/wp-content\/uploads\/2026\/02\/Copy-of-Photocentric-Own-Your-Morning-Boost-Your-Day-Tips-Instagram-Carousel-819x1024.jpg 819w, https:\/\/www.laserrasportwellness.com\/wp-content\/uploads\/2026\/02\/Copy-of-Photocentric-Own-Your-Morning-Boost-Your-Day-Tips-Instagram-Carousel-240x300.jpg 240w, https:\/\/www.laserrasportwellness.com\/wp-content\/uploads\/2026\/02\/Copy-of-Photocentric-Own-Your-Morning-Boost-Your-Day-Tips-Instagram-Carousel-768x960.jpg 768w, https:\/\/www.laserrasportwellness.com\/wp-content\/uploads\/2026\/02\/Copy-of-Photocentric-Own-Your-Morning-Boost-Your-Day-Tips-Instagram-Carousel-892x1115.jpg 892w, https:\/\/www.laserrasportwellness.com\/wp-content\/uploads\/2026\/02\/Copy-of-Photocentric-Own-Your-Morning-Boost-Your-Day-Tips-Instagram-Carousel.jpg 1080w\" sizes=\"(max-width: 819px) 100vw, 819px\" \/><\/figure>\n\n\n\n<p class=\"has-text-align-center\"><a href=\"https:\/\/www.instagram.com\/p\/DRAYT4lDIsW\/?utm_source=ig_web_copy_link&amp;igsh=MzRlODBiNWFlZA==\" data-type=\"link\" data-id=\"https:\/\/www.instagram.com\/p\/DRAYT4lDIsW\/?utm_source=ig_web_copy_link&amp;igsh=MzRlODBiNWFlZA==\"><strong>01 Ciclo de Movimiento <\/strong><\/a><\/p>\n\n\n\n<p class=\"has-text-align-center\">S\u00e1bado 13 de diciembre \u00b7 de 09:00h a 18:00h<\/p>\n\n\n\n<p class=\"has-text-align-center\">&#x1f6b4;&#x200d;&#x2640;&#xfe0f; Salida social en bicicleta de monta\u00f1a \/ e-bike. 30 km \u00b7 700 m+. Llu\u00e7an\u00e8s y Bergued\u00e0. Descubrimos juntas, sobre dos ruedas, todo lo que nos rodea. Con avituallamiento y asistencia durante el recorrido.<\/p>\n\n\n\n<p class=\"has-text-align-center\">&#x1f963; Comida local. Volvemos a compartir mesa, vestida de conversaciones. De la mano de <a href=\"https:\/\/www.instagram.com\/hostalsantmaurici\/?hl=es\">@hostalsantmaurici<\/a>, una comida de proximidad, hecha con el coraz\u00f3n, para recuperar, compartir y conectar <\/p>\n\n\n\n<p class=\"has-text-align-center\">&#x1f6b4;&#x200d;&#x2640;&#xfe0f; Charla \u00b7 Cr\u00f3nicas de mujeres y del mundo en bicicleta. Una historia de v\u00ednculos y viajes compartidos<\/p>\n\n\n\n<p class=\"has-text-align-center\">&#x1f9d8;&#x200d;&#x2640;&#xfe0f; Hatha Ioga con\u00a0<a href=\"https:\/\/www.instagram.com\/cosicosmos\/?hl=es\">@cosicosmos<\/a>\u00a0\u2022 Estiramientos para cerrar el d\u00eda conectadas con el cuerpo<br><\/p>\n<\/div>\n\n\n\n<div class=\"wp-block-column is-layout-flow wp-block-column-is-layout-flow\">\n<figure class=\"wp-block-image size-full\"><img loading=\"lazy\" decoding=\"async\" width=\"678\" height=\"812\" src=\"https:\/\/www.laserrasportwellness.com\/wp-content\/uploads\/2026\/02\/Captura-de-pantalla-2026-02-19-a-las-9.38.14.png\" alt=\"\" class=\"wp-image-4894\" style=\"aspect-ratio:1;object-fit:contain\" srcset=\"https:\/\/www.laserrasportwellness.com\/wp-content\/uploads\/2026\/02\/Captura-de-pantalla-2026-02-19-a-las-9.38.14.png 678w, https:\/\/www.laserrasportwellness.com\/wp-content\/uploads\/2026\/02\/Captura-de-pantalla-2026-02-19-a-las-9.38.14-250x300.png 250w\" sizes=\"(max-width: 678px) 100vw, 678px\" \/><\/figure>\n\n\n\n<p class=\"has-text-align-center\"><a href=\"https:\/\/www.instagram.com\/p\/DQExqufjOmP\/?utm_source=ig_web_copy_link&amp;igsh=MzRlODBiNWFlZA==\" data-type=\"page\" data-id=\"2105\"><strong>01 Ciclo de Bienestar <\/strong><\/a><\/p>\n\n\n\n<p class=\"has-text-align-center\">S\u00e1bado 15 de noviembre \u00b7 de 09:00h a 13:30h<\/p>\n\n\n\n<p class=\"has-text-align-center\">&#x1f9d8;&#x200d;&#x2640;&#xfe0f; Vinyasa Yoga con Laia Font de <a href=\"https:\/\/www.instagram.com\/cosicosmos\/?hl=es\">@cosicosmos<\/a><br>D\u00eda de luna menguante, cuando la naturaleza nos invita a soltar.<br>Una sesi\u00f3n de Vinyasa centrada en las torsiones, para desintoxicar, purificar y hacer espacio para lo nuevo.<\/p>\n\n\n\n<p class=\"has-text-align-center\">&#x1f963; Desayuno de casa, de oto\u00f1o, del territorio<br>Un momento para conectar y compartir.<br>Una mesa servida que se llena de conversaciones.<br>Alimento que nutre y que viene de muy cerca: local, natural y sostenible.<\/p>\n\n\n\n<p class=\"has-text-align-center\">&#x1f34b; Taller: De la cocina a la piel \u00b7 <a href=\"https:\/\/www.instagram.com\/nua.cosmetica.artesana\/?hl=es\">@nua.cosmetica.artesana<\/a><br>Para descubrir c\u00f3mo cuidarnos de forma natural, aprendiendo a hacer limpiadores, mascarillas y exfoliantes con ingredientes que tenemos en casa, como lim\u00f3n, avena, arroz o yogur.<\/p>\n\n\n\n<p class=\"has-text-align-center\"><\/p>\n<\/div>\n<\/div>\n\n\n\n<div style=\"height:80px\" aria-hidden=\"true\" class=\"wp-block-spacer\"><\/div>\n\n\n\n<div style=\"height:80px\" aria-hidden=\"true\" class=\"wp-block-spacer\"><\/div>\n\n\n\n<div style=\"height:20px\" aria-hidden=\"true\" class=\"wp-block-spacer\"><\/div>\n","protected":false},"excerpt":{"rendered":"<p>La Serra es un espacio vivo. Un lugar donde pasan cosas.<\/p>\n<p>Nuestra agenda da forma a este movimiento: propuestas de deporte, bienestar, creatividad y encuentro que transforman la casa en un centro de experiencias activo y en constante evoluci\u00f3n.<\/p>\n<p>Talleres, ciclos, jornadas y estancias especiales que conectan personas, territorio y casa con coherencia y calidad.<\/p>\n","protected":false},"author":1,"featured_media":0,"parent":0,"menu_order":0,"comment_status":"closed","ping_status":"closed","template":"template-wide-page.php","meta":{"inline_featured_image":false,"footnotes":""},"_links":{"self":[{"href":"https:\/\/www.laserrasportwellness.com\/es\/wp-json\/wp\/v2\/pages\/4926"}],"collection":[{"href":"https:\/\/www.laserrasportwellness.com\/es\/wp-json\/wp\/v2\/pages"}],"about":[{"href":"https:\/\/www.laserrasportwellness.com\/es\/wp-json\/wp\/v2\/types\/page"}],"author":[{"embeddable":true,"href":"https:\/\/www.laserrasportwellness.com\/es\/wp-json\/wp\/v2\/users\/1"}],"replies":[{"embeddable":true,"href":"https:\/\/www.laserrasportwellness.com\/es\/wp-json\/wp\/v2\/comments?post=4926"}],"version-history":[{"count":2,"href":"https:\/\/www.laserrasportwellness.com\/es\/wp-json\/wp\/v2\/pages\/4926\/revisions"}],"predecessor-version":[{"id":4949,"href":"https:\/\/www.laserrasportwellness.com\/es\/wp-json\/wp\/v2\/pages\/4926\/revisions\/4949"}],"wp:attachment":[{"href":"https:\/\/www.laserrasportwellness.com\/es\/wp-json\/wp\/v2\/media?parent=4926"}],"curies":[{"name":"wp","href":"https:\/\/api.w.org\/{rel}","templated":true}]}}